{"id":3961,"date":"2023-05-02T14:18:45","date_gmt":"2023-05-02T14:18:45","guid":{"rendered":"https:\/\/protoandgo.com\/comment-ca-marche\/"},"modified":"2024-04-29T08:13:10","modified_gmt":"2024-04-29T08:13:10","slug":"comment-ca-marche","status":"publish","type":"page","link":"https:\/\/protoandgo.com\/fr\/comment-ca-marche\/","title":{"rendered":"Comment \u00e7a marche ?"},"content":{"rendered":"\t\t<div data-elementor-type=\"wp-page\" data-elementor-id=\"3961\" class=\"elementor elementor-3961 elementor-1470\" data-elementor-post-type=\"page\">\n\t\t\t\t\t\t<section class=\"elementor-section elementor-top-section elementor-element elementor-element-3e0e57c elementor-section-boxed elementor-section-height-default elementor-section-height-default\" data-id=\"3e0e57c\" data-element_type=\"section\" data-e-type=\"section\" data-settings=\"{&quot;background_background&quot;:&quot;classic&quot;}\">\n\t\t\t\t\t\t<div class=\"elementor-container elementor-column-gap-default\">\n\t\t\t\t\t<div class=\"elementor-column elementor-col-100 elementor-top-column elementor-element elementor-element-9fb66fa\" data-id=\"9fb66fa\" data-element_type=\"column\" data-e-type=\"column\">\n\t\t\t<div class=\"elementor-widget-wrap elementor-element-populated\">\n\t\t\t\t\t\t<div class=\"elementor-element elementor-element-8dd69a5 animated-slow elementor-invisible elementor-widget elementor-widget-heading\" data-id=\"8dd69a5\" data-element_type=\"widget\" data-e-type=\"widget\" data-settings=\"{&quot;_animation&quot;:&quot;fadeInUp&quot;}\" data-widget_type=\"heading.default\">\n\t\t\t\t<div class=\"elementor-widget-container\">\n\t\t\t\t\t<h1 class=\"elementor-heading-title elementor-size-default\">Comment\n\u00e7a marche ?\n<\/h1>\t\t\t\t<\/div>\n\t\t\t\t<\/div>\n\t\t\t\t<div class=\"elementor-element elementor-element-2558162 elementor-widget elementor-widget-spacer\" data-id=\"2558162\" data-element_type=\"widget\" data-e-type=\"widget\" data-widget_type=\"spacer.default\">\n\t\t\t\t<div class=\"elementor-widget-container\">\n\t\t\t\t\t\t\t<div class=\"elementor-spacer\">\n\t\t\t<div class=\"elementor-spacer-inner\"><\/div>\n\t\t<\/div>\n\t\t\t\t\t\t<\/div>\n\t\t\t\t<\/div>\n\t\t\t\t<div class=\"elementor-element elementor-element-0b82993 animated-slow elementor-widget elementor-widget-heading\" data-id=\"0b82993\" data-element_type=\"widget\" data-e-type=\"widget\" data-settings=\"{&quot;_animation&quot;:&quot;none&quot;}\" data-widget_type=\"heading.default\">\n\t\t\t\t<div class=\"elementor-widget-container\">\n\t\t\t\t\t<h2 class=\"elementor-heading-title elementor-size-default\">Le fonctionnement de <b>notre plateforme en ligne <\/b> est simple, rapide et pratique. Cela nous a permis de faciliter les processus complexes de prototypage. <br><br>La premi\u00e8re chose \u00e0 savoir est qu'\u00e0 travers notre plateforme, vous pouvez demander un <b>devis pour vos pi\u00e8ces<\/b> et notre \u00e9quipe vous proposera les meilleures solutions de prototypage en moins de 24 heures. <br><br>Nous disposons d'une \u00e9quipe tr\u00e8s efficace, capable d'offrir une assistance dans <b>six langues<\/b> diff\u00e9rentes. <\/h2>\t\t\t\t<\/div>\n\t\t\t\t<\/div>\n\t\t\t\t<section class=\"elementor-section elementor-inner-section elementor-element elementor-element-04f0cca elementor-section-boxed elementor-section-height-default elementor-section-height-default\" data-id=\"04f0cca\" data-element_type=\"section\" data-e-type=\"section\">\n\t\t\t\t\t\t<div class=\"elementor-container elementor-column-gap-default\">\n\t\t\t\t\t<div class=\"elementor-column elementor-col-100 elementor-inner-column elementor-element elementor-element-3818082\" data-id=\"3818082\" data-element_type=\"column\" data-e-type=\"column\">\n\t\t\t<div class=\"elementor-widget-wrap elementor-element-populated\">\n\t\t\t\t\t\t<div class=\"elementor-element elementor-element-9ad087c elementor-widget elementor-widget-spacer\" data-id=\"9ad087c\" data-element_type=\"widget\" data-e-type=\"widget\" data-widget_type=\"spacer.default\">\n\t\t\t\t<div class=\"elementor-widget-container\">\n\t\t\t\t\t\t\t<div class=\"elementor-spacer\">\n\t\t\t<div class=\"elementor-spacer-inner\"><\/div>\n\t\t<\/div>\n\t\t\t\t\t\t<\/div>\n\t\t\t\t<\/div>\n\t\t\t\t<div class=\"elementor-element elementor-element-e179ae4 elementor-widget elementor-widget-text-editor\" data-id=\"e179ae4\" data-element_type=\"widget\" data-e-type=\"widget\" data-widget_type=\"text-editor.default\">\n\t\t\t\t<div class=\"elementor-widget-container\">\n\t\t\t\t\t\t\t\t\t<p><span data-contrast=\"auto\">Cliquez sur <\/span> <span style=\"color: #fc9200;\"><b>\u00abdevis en ligne\u00bb<\/b><\/span> <span data-contrast=\"auto\"> et suivez les \u00e9tapes ci-dessous pour demander votre devis :<\/span><span data-ccp-props=\"{\"201341983\":0,\"335559739\":160,\"335559740\":259}\"> <\/span><\/p>\n<ol>\n<li><b><span data-contrast=\"auto\">T\u00e9l\u00e9chargez vos fichiers 3D :<\/span><\/b> <span data-contrast=\"auto\">choisissez les mat\u00e9riaux, les alliages et les finitions pour personnaliser vos pi\u00e8ces dans le formulaire.<\/span><span data-ccp-props=\"{\"201341983\":0,\"335559739\":160,\"335559740\":259}\"> <\/span><\/li>\n<li><b><span data-contrast=\"auto\">Configurez vos pi\u00e8ces :<\/span><\/b> <span data-contrast=\"auto\">s\u00e9lectionnez la technologie et toutes les caract\u00e9ristiques.<\/span><span data-ccp-props=\"{\"201341983\":0,\"335559739\":160,\"335559740\":259}\"> <\/span><\/li>\n<li><b><span data-contrast=\"auto\">Envoyez vos fichiers<\/span><\/b><span data-ccp-props=\"{\"201341983\":0,\"335559739\":160,\"335559740\":259}\"> <\/span><\/li>\n<li><b><span data-contrast=\"auto\">Recevez votre devis en moins de 24 heures :<\/span><\/b> <span data-contrast=\"auto\"> recevez une analyse de faisabilit\u00e9 et un devis pr\u00e9cis pour chaque pi\u00e8ce en quelques heures.<\/span><span data-ccp-props=\"{\"201341983\":0,\"335559739\":160,\"335559740\":259}\"> <\/span><\/li>\n<li><b><span data-contrast=\"auto\">Effectuez vos achat<\/span><\/b><span data-ccp-props=\"{\"201341983\":0,\"335559739\":160,\"335559740\":259}\"> <\/span><\/li>\n<li><b><span data-contrast=\"auto\">Nous livrons vos pi\u00e8ces en moins de 8 jours ouvrables :<\/span><\/b> <span data-contrast=\"auto\">recevez vos pi\u00e8ces sur mesure et vos prototypes en une semaine seulement.<\/span><span data-ccp-props=\"{\"201341983\":0,\"335559739\":160,\"335559740\":259}\"> <\/span><\/li>\n<\/ol>\n\t\t\t\t\t\t\t\t<\/div>\n\t\t\t\t<\/div>\n\t\t\t\t<div class=\"elementor-element elementor-element-2c04703 elementor-widget elementor-widget-spacer\" data-id=\"2c04703\" data-element_type=\"widget\" data-e-type=\"widget\" data-widget_type=\"spacer.default\">\n\t\t\t\t<div class=\"elementor-widget-container\">\n\t\t\t\t\t\t\t<div class=\"elementor-spacer\">\n\t\t\t<div class=\"elementor-spacer-inner\"><\/div>\n\t\t<\/div>\n\t\t\t\t\t\t<\/div>\n\t\t\t\t<\/div>\n\t\t\t\t<div class=\"elementor-element elementor-element-bd20141 elementor-view-default elementor-widget elementor-widget-icon\" data-id=\"bd20141\" data-element_type=\"widget\" data-e-type=\"widget\" data-widget_type=\"icon.default\">\n\t\t\t\t<div class=\"elementor-widget-container\">\n\t\t\t\t\t\t\t<div class=\"elementor-icon-wrapper\">\n\t\t\t<div class=\"elementor-icon\">\n\t\t\t<i aria-hidden=\"true\" class=\"far fa-comments\"><\/i>\t\t\t<\/div>\n\t\t<\/div>\n\t\t\t\t\t\t<\/div>\n\t\t\t\t<\/div>\n\t\t\t\t<div class=\"elementor-element elementor-element-911c229 elementor-widget elementor-widget-text-editor\" data-id=\"911c229\" data-element_type=\"widget\" data-e-type=\"widget\" data-widget_type=\"text-editor.default\">\n\t\t\t\t<div class=\"elementor-widget-container\">\n\t\t\t\t\t\t\t\t\t<p style=\"text-align: center;\"><span data-contrast=\"auto\">Si vous avez besoin de conseils, vous pouvez consulter nos experts :<\/span><span data-ccp-props=\"{\"201341983\":0,\"335559739\":160,\"335559740\":259}\"> <\/span><\/p>\n<h3 style=\"text-align: center;\"><a href=\"mailto:Info@protoandgo.com\">Info@protoandgo.com<\/a> <span style=\"color: #ffffff;\">\/\/<\/span> <span style=\"color: #fc9200;\">(+33) 176 44 09 62<\/span><span style=\"color: #fc9200;\"> <\/span><\/h3>\n<p style=\"text-align: center;\"><span data-contrast=\"auto\">Nous vous recommandons \u00e9galement de consulter notre Foire aux questions (<a href=\"https:\/\/protoandgo.com\/fr\/faqs\/\"><span style=\"color: #fc9200;\">FAQ<\/span><\/a>), o\u00f9 vous trouverez tout ce que vous devez savoir sur <b>Proto<span style=\"color: #fc9200;\">&amp;Go! <\/span><\/b><\/span><span data-ccp-props=\"{\"201341983\":0,\"335559739\":160,\"335559740\":259}\"> <\/span><\/p>\n\t\t\t\t\t\t\t\t<\/div>\n\t\t\t\t<\/div>\n\t\t\t\t\t<\/div>\n\t\t<\/div>\n\t\t\t\t\t<\/div>\n\t\t<\/section>\n\t\t\t\t\t<\/div>\n\t\t<\/div>\n\t\t\t\t\t<\/div>\n\t\t<\/section>\n\t\t\t\t<section class=\"elementor-section elementor-top-section elementor-element elementor-element-b5784b6 elementor-section-boxed elementor-section-height-default elementor-section-height-default\" data-id=\"b5784b6\" data-element_type=\"section\" data-e-type=\"section\" data-settings=\"{&quot;background_background&quot;:&quot;classic&quot;}\">\n\t\t\t\t\t\t<div class=\"elementor-container elementor-column-gap-default\">\n\t\t\t\t\t<div class=\"elementor-column elementor-col-100 elementor-top-column elementor-element elementor-element-3675dfa\" data-id=\"3675dfa\" data-element_type=\"column\" data-e-type=\"column\">\n\t\t\t<div class=\"elementor-widget-wrap elementor-element-populated\">\n\t\t\t\t\t\t<div class=\"elementor-element elementor-element-562d7f7 elementor-widget elementor-widget-video\" data-id=\"562d7f7\" data-element_type=\"widget\" data-e-type=\"widget\" data-settings=\"{&quot;youtube_url&quot;:&quot;https:\\\/\\\/www.youtube.com\\\/watch?v=bvTDBB70uM4&amp;t=55s&quot;,&quot;video_type&quot;:&quot;youtube&quot;}\" data-widget_type=\"video.default\">\n\t\t\t\t<div class=\"elementor-widget-container\">\n\t\t\t\t\t\t\t<div class=\"elementor-wrapper elementor-open-inline\">\n\t\t\t<div class=\"elementor-video\"><\/div>\t\t<\/div>\n\t\t\t\t\t\t<\/div>\n\t\t\t\t<\/div>\n\t\t\t\t\t<\/div>\n\t\t<\/div>\n\t\t\t\t\t<\/div>\n\t\t<\/section>\n\t\t\t\t<\/div>\n\t\t","protected":false},"excerpt":{"rendered":"<p>Comment \u00e7a marche ? Le fonctionnement de notre plateforme en ligne est simple, rapide et pratique. Cela nous a permis de faciliter les processus complexes de prototypage. La premi\u00e8re chose \u00e0 savoir est qu&rsquo;\u00e0 travers notre plateforme, vous pouvez demander un devis pour vos pi\u00e8ces et notre \u00e9quipe vous proposera les meilleures solutions de prototypage [&hellip;]<\/p>\n","protected":false},"author":3,"featured_media":0,"parent":0,"menu_order":0,"comment_status":"closed","ping_status":"closed","template":"","meta":{"ocean_post_layout":"full-screen","ocean_both_sidebars_style":"","ocean_both_sidebars_content_width":0,"ocean_both_sidebars_sidebars_width":0,"ocean_sidebar":"0","ocean_second_sidebar":"0","ocean_disable_margins":"enable","ocean_add_body_class":"","ocean_shortcode_before_top_bar":"","ocean_shortcode_after_top_bar":"","ocean_shortcode_before_header":"","ocean_shortcode_after_header":"","ocean_has_shortcode":"","ocean_shortcode_after_title":"","ocean_shortcode_before_footer_widgets":"","ocean_shortcode_after_footer_widgets":"","ocean_shortcode_before_footer_bottom":"","ocean_shortcode_after_footer_bottom":"","ocean_display_top_bar":"default","ocean_display_header":"default","ocean_header_style":"","ocean_center_header_left_menu":"0","ocean_custom_header_template":"0","ocean_custom_logo":0,"ocean_custom_retina_logo":0,"ocean_custom_logo_max_width":0,"ocean_custom_logo_tablet_max_width":0,"ocean_custom_logo_mobile_max_width":0,"ocean_custom_logo_max_height":0,"ocean_custom_logo_tablet_max_height":0,"ocean_custom_logo_mobile_max_height":0,"ocean_header_custom_menu":"0","ocean_menu_typo_font_family":"0","ocean_menu_typo_font_subset":"","ocean_menu_typo_font_size":0,"ocean_menu_typo_font_size_tablet":0,"ocean_menu_typo_font_size_mobile":0,"ocean_menu_typo_font_size_unit":"px","ocean_menu_typo_font_weight":"","ocean_menu_typo_font_weight_tablet":"","ocean_menu_typo_font_weight_mobile":"","ocean_menu_typo_transform":"","ocean_menu_typo_transform_tablet":"","ocean_menu_typo_transform_mobile":"","ocean_menu_typo_line_height":0,"ocean_menu_typo_line_height_tablet":0,"ocean_menu_typo_line_height_mobile":0,"ocean_menu_typo_line_height_unit":"","ocean_menu_typo_spacing":0,"ocean_menu_typo_spacing_tablet":0,"ocean_menu_typo_spacing_mobile":0,"ocean_menu_typo_spacing_unit":"","ocean_menu_link_color":"","ocean_menu_link_color_hover":"","ocean_menu_link_color_active":"","ocean_menu_link_background":"","ocean_menu_link_hover_background":"","ocean_menu_link_active_background":"","ocean_menu_social_links_bg":"","ocean_menu_social_hover_links_bg":"","ocean_menu_social_links_color":"","ocean_menu_social_hover_links_color":"","ocean_disable_title":"default","ocean_disable_heading":"default","ocean_post_title":"","ocean_post_subheading":"","ocean_post_title_style":"","ocean_post_title_background_color":"","ocean_post_title_background":0,"ocean_post_title_bg_image_position":"","ocean_post_title_bg_image_attachment":"","ocean_post_title_bg_image_repeat":"","ocean_post_title_bg_image_size":"","ocean_post_title_height":0,"ocean_post_title_bg_overlay":0.5,"ocean_post_title_bg_overlay_color":"","ocean_disable_breadcrumbs":"default","ocean_breadcrumbs_color":"","ocean_breadcrumbs_separator_color":"","ocean_breadcrumbs_links_color":"","ocean_breadcrumbs_links_hover_color":"","ocean_display_footer_widgets":"default","ocean_display_footer_bottom":"default","ocean_custom_footer_template":"0","footnotes":""},"class_list":["post-3961","page","type-page","status-publish","hentry","entry","owp-thumbs-layout-horizontal","owp-btn-normal","owp-tabs-layout-horizontal","has-no-thumbnails","has-product-nav"],"yoast_head":"<!-- This site is optimized with the Yoast SEO plugin v27.3 - https:\/\/yoast.com\/product\/yoast-seo-wordpress\/ -->\n<title>Comment \u00e7a marche ? | PROTO&amp;GO!<\/title>\n<meta name=\"description\" content=\"Demander un devis pour vos pi\u00e8ces chez Proto&amp;GO! est tr\u00e8s facile. D\u00e9couvrez le fonctionnement de notre plateforme de fabrication de pi\u00e8ces online\" \/>\n<meta name=\"robots\" content=\"index, follow, max-snippet:-1, max-image-preview:large, max-video-preview:-1\" \/>\n<link rel=\"canonical\" href=\"https:\/\/protoandgo.com\/fr\/comment-ca-marche\/\" \/>\n<meta property=\"og:locale\" content=\"fr_FR\" \/>\n<meta property=\"og:type\" content=\"article\" \/>\n<meta property=\"og:title\" content=\"Comment \u00e7a marche ? | PROTO&amp;GO!\" \/>\n<meta property=\"og:description\" content=\"Demander un devis pour vos pi\u00e8ces chez Proto&amp;GO! est tr\u00e8s facile. D\u00e9couvrez le fonctionnement de notre plateforme de fabrication de pi\u00e8ces online\" \/>\n<meta property=\"og:url\" content=\"https:\/\/protoandgo.com\/fr\/comment-ca-marche\/\" \/>\n<meta property=\"og:site_name\" content=\"PROTO&amp;GO!\" \/>\n<meta property=\"article:modified_time\" content=\"2024-04-29T08:13:10+00:00\" \/>\n<meta name=\"twitter:card\" content=\"summary_large_image\" \/>\n<meta name=\"twitter:label1\" content=\"Dur\u00e9e de lecture estim\u00e9e\" \/>\n\t<meta name=\"twitter:data1\" content=\"1 minute\" \/>\n<script type=\"application\/ld+json\" class=\"yoast-schema-graph\">{\"@context\":\"https:\\\/\\\/schema.org\",\"@graph\":[{\"@type\":\"WebPage\",\"@id\":\"https:\\\/\\\/protoandgo.com\\\/fr\\\/comment-ca-marche\\\/\",\"url\":\"https:\\\/\\\/protoandgo.com\\\/fr\\\/comment-ca-marche\\\/\",\"name\":\"Comment \u00e7a marche ? | PROTO&GO!\",\"isPartOf\":{\"@id\":\"https:\\\/\\\/protoandgo.com\\\/fr\\\/#website\"},\"datePublished\":\"2023-05-02T14:18:45+00:00\",\"dateModified\":\"2024-04-29T08:13:10+00:00\",\"description\":\"Demander un devis pour vos pi\u00e8ces chez Proto&GO! est tr\u00e8s facile. D\u00e9couvrez le fonctionnement de notre plateforme de fabrication de pi\u00e8ces online\",\"breadcrumb\":{\"@id\":\"https:\\\/\\\/protoandgo.com\\\/fr\\\/comment-ca-marche\\\/#breadcrumb\"},\"inLanguage\":\"fr-FR\",\"potentialAction\":[{\"@type\":\"ReadAction\",\"target\":[\"https:\\\/\\\/protoandgo.com\\\/fr\\\/comment-ca-marche\\\/\"]}]},{\"@type\":\"BreadcrumbList\",\"@id\":\"https:\\\/\\\/protoandgo.com\\\/fr\\\/comment-ca-marche\\\/#breadcrumb\",\"itemListElement\":[{\"@type\":\"ListItem\",\"position\":1,\"name\":\"Portada\",\"item\":\"https:\\\/\\\/protoandgo.com\\\/fr\\\/\"},{\"@type\":\"ListItem\",\"position\":2,\"name\":\"Comment \u00e7a marche ?\"}]},{\"@type\":\"WebSite\",\"@id\":\"https:\\\/\\\/protoandgo.com\\\/fr\\\/#website\",\"url\":\"https:\\\/\\\/protoandgo.com\\\/fr\\\/\",\"name\":\"PROTO&GO!\",\"description\":\"\",\"publisher\":{\"@id\":\"https:\\\/\\\/protoandgo.com\\\/fr\\\/#organization\"},\"potentialAction\":[{\"@type\":\"SearchAction\",\"target\":{\"@type\":\"EntryPoint\",\"urlTemplate\":\"https:\\\/\\\/protoandgo.com\\\/fr\\\/?s={search_term_string}\"},\"query-input\":{\"@type\":\"PropertyValueSpecification\",\"valueRequired\":true,\"valueName\":\"search_term_string\"}}],\"inLanguage\":\"fr-FR\"},{\"@type\":\"Organization\",\"@id\":\"https:\\\/\\\/protoandgo.com\\\/fr\\\/#organization\",\"name\":\"PROTO&GO!\",\"url\":\"https:\\\/\\\/protoandgo.com\\\/fr\\\/\",\"logo\":{\"@type\":\"ImageObject\",\"inLanguage\":\"fr-FR\",\"@id\":\"https:\\\/\\\/protoandgo.com\\\/fr\\\/#\\\/schema\\\/logo\\\/image\\\/\",\"url\":\"https:\\\/\\\/protoandgo.com\\\/wp-content\\\/uploads\\\/2023\\\/04\\\/LOGOTIPO1.png\",\"contentUrl\":\"https:\\\/\\\/protoandgo.com\\\/wp-content\\\/uploads\\\/2023\\\/04\\\/LOGOTIPO1.png\",\"width\":336,\"height\":88,\"caption\":\"PROTO&GO!\"},\"image\":{\"@id\":\"https:\\\/\\\/protoandgo.com\\\/fr\\\/#\\\/schema\\\/logo\\\/image\\\/\"},\"sameAs\":[\"https:\\\/\\\/www.instagram.com\\\/protoandgo\\\/\",\"https:\\\/\\\/www.linkedin.com\\\/company\\\/proto-go\\\/\"]}]}<\/script>\n<!-- \/ Yoast SEO plugin. -->","yoast_head_json":{"title":"Comment \u00e7a marche ? | PROTO&GO!","description":"Demander un devis pour vos pi\u00e8ces chez Proto&GO! est tr\u00e8s facile. D\u00e9couvrez le fonctionnement de notre plateforme de fabrication de pi\u00e8ces online","robots":{"index":"index","follow":"follow","max-snippet":"max-snippet:-1","max-image-preview":"max-image-preview:large","max-video-preview":"max-video-preview:-1"},"canonical":"https:\/\/protoandgo.com\/fr\/comment-ca-marche\/","og_locale":"fr_FR","og_type":"article","og_title":"Comment \u00e7a marche ? | PROTO&GO!","og_description":"Demander un devis pour vos pi\u00e8ces chez Proto&GO! est tr\u00e8s facile. D\u00e9couvrez le fonctionnement de notre plateforme de fabrication de pi\u00e8ces online","og_url":"https:\/\/protoandgo.com\/fr\/comment-ca-marche\/","og_site_name":"PROTO&amp;GO!","article_modified_time":"2024-04-29T08:13:10+00:00","twitter_card":"summary_large_image","twitter_misc":{"Dur\u00e9e de lecture estim\u00e9e":"1 minute"},"schema":{"@context":"https:\/\/schema.org","@graph":[{"@type":"WebPage","@id":"https:\/\/protoandgo.com\/fr\/comment-ca-marche\/","url":"https:\/\/protoandgo.com\/fr\/comment-ca-marche\/","name":"Comment \u00e7a marche ? | PROTO&GO!","isPartOf":{"@id":"https:\/\/protoandgo.com\/fr\/#website"},"datePublished":"2023-05-02T14:18:45+00:00","dateModified":"2024-04-29T08:13:10+00:00","description":"Demander un devis pour vos pi\u00e8ces chez Proto&GO! est tr\u00e8s facile. D\u00e9couvrez le fonctionnement de notre plateforme de fabrication de pi\u00e8ces online","breadcrumb":{"@id":"https:\/\/protoandgo.com\/fr\/comment-ca-marche\/#breadcrumb"},"inLanguage":"fr-FR","potentialAction":[{"@type":"ReadAction","target":["https:\/\/protoandgo.com\/fr\/comment-ca-marche\/"]}]},{"@type":"BreadcrumbList","@id":"https:\/\/protoandgo.com\/fr\/comment-ca-marche\/#breadcrumb","itemListElement":[{"@type":"ListItem","position":1,"name":"Portada","item":"https:\/\/protoandgo.com\/fr\/"},{"@type":"ListItem","position":2,"name":"Comment \u00e7a marche ?"}]},{"@type":"WebSite","@id":"https:\/\/protoandgo.com\/fr\/#website","url":"https:\/\/protoandgo.com\/fr\/","name":"PROTO&GO!","description":"","publisher":{"@id":"https:\/\/protoandgo.com\/fr\/#organization"},"potentialAction":[{"@type":"SearchAction","target":{"@type":"EntryPoint","urlTemplate":"https:\/\/protoandgo.com\/fr\/?s={search_term_string}"},"query-input":{"@type":"PropertyValueSpecification","valueRequired":true,"valueName":"search_term_string"}}],"inLanguage":"fr-FR"},{"@type":"Organization","@id":"https:\/\/protoandgo.com\/fr\/#organization","name":"PROTO&GO!","url":"https:\/\/protoandgo.com\/fr\/","logo":{"@type":"ImageObject","inLanguage":"fr-FR","@id":"https:\/\/protoandgo.com\/fr\/#\/schema\/logo\/image\/","url":"https:\/\/protoandgo.com\/wp-content\/uploads\/2023\/04\/LOGOTIPO1.png","contentUrl":"https:\/\/protoandgo.com\/wp-content\/uploads\/2023\/04\/LOGOTIPO1.png","width":336,"height":88,"caption":"PROTO&GO!"},"image":{"@id":"https:\/\/protoandgo.com\/fr\/#\/schema\/logo\/image\/"},"sameAs":["https:\/\/www.instagram.com\/protoandgo\/","https:\/\/www.linkedin.com\/company\/proto-go\/"]}]}},"_links":{"self":[{"href":"https:\/\/protoandgo.com\/fr\/wp-json\/wp\/v2\/pages\/3961","targetHints":{"allow":["GET"]}}],"collection":[{"href":"https:\/\/protoandgo.com\/fr\/wp-json\/wp\/v2\/pages"}],"about":[{"href":"https:\/\/protoandgo.com\/fr\/wp-json\/wp\/v2\/types\/page"}],"author":[{"embeddable":true,"href":"https:\/\/protoandgo.com\/fr\/wp-json\/wp\/v2\/users\/3"}],"replies":[{"embeddable":true,"href":"https:\/\/protoandgo.com\/fr\/wp-json\/wp\/v2\/comments?post=3961"}],"version-history":[{"count":0,"href":"https:\/\/protoandgo.com\/fr\/wp-json\/wp\/v2\/pages\/3961\/revisions"}],"wp:attachment":[{"href":"https:\/\/protoandgo.com\/fr\/wp-json\/wp\/v2\/media?parent=3961"}],"curies":[{"name":"wp","href":"https:\/\/api.w.org\/{rel}","templated":true}]}}