{"id":4036,"date":"2023-05-09T13:56:10","date_gmt":"2023-05-09T13:56:10","guid":{"rendered":"https:\/\/protoandgo.com\/paiement-differe\/"},"modified":"2023-06-14T15:29:21","modified_gmt":"2023-06-14T15:29:21","slug":"paiement-differe","status":"publish","type":"page","link":"https:\/\/protoandgo.com\/fr\/paiement-differe\/","title":{"rendered":"Paiement diff\u00e9r\u00e9"},"content":{"rendered":"\t\t<div data-elementor-type=\"wp-page\" data-elementor-id=\"4036\" class=\"elementor elementor-4036 elementor-2140\" data-elementor-post-type=\"page\">\n\t\t\t\t\t\t<section class=\"elementor-section elementor-top-section elementor-element elementor-element-5c61ded elementor-section-boxed elementor-section-height-default elementor-section-height-default\" data-id=\"5c61ded\" data-element_type=\"section\" data-e-type=\"section\" data-settings=\"{&quot;background_background&quot;:&quot;classic&quot;}\">\n\t\t\t\t\t\t<div class=\"elementor-container elementor-column-gap-default\">\n\t\t\t\t\t<div class=\"elementor-column elementor-col-100 elementor-top-column elementor-element elementor-element-dd1967c\" data-id=\"dd1967c\" data-element_type=\"column\" data-e-type=\"column\">\n\t\t\t<div class=\"elementor-widget-wrap elementor-element-populated\">\n\t\t\t\t\t\t<div class=\"elementor-element elementor-element-a7ff7a4 elementor-widget elementor-widget-heading\" data-id=\"a7ff7a4\" data-element_type=\"widget\" data-e-type=\"widget\" data-widget_type=\"heading.default\">\n\t\t\t\t<div class=\"elementor-widget-container\">\n\t\t\t\t\t<h2 class=\"elementor-heading-title elementor-size-default\">Paiement diff\u00e9r\u00e9<\/h2>\t\t\t\t<\/div>\n\t\t\t\t<\/div>\n\t\t\t\t\t<\/div>\n\t\t<\/div>\n\t\t\t\t\t<\/div>\n\t\t<\/section>\n\t\t\t\t<section class=\"elementor-section elementor-top-section elementor-element elementor-element-c9a80ac elementor-section-boxed elementor-section-height-default elementor-section-height-default\" data-id=\"c9a80ac\" data-element_type=\"section\" data-e-type=\"section\">\n\t\t\t\t\t\t<div class=\"elementor-container elementor-column-gap-default\">\n\t\t\t\t\t<div class=\"elementor-column elementor-col-100 elementor-top-column elementor-element elementor-element-130db6a\" data-id=\"130db6a\" data-element_type=\"column\" data-e-type=\"column\">\n\t\t\t<div class=\"elementor-widget-wrap elementor-element-populated\">\n\t\t\t\t\t\t<div class=\"elementor-element elementor-element-ef125a6 elementor-widget elementor-widget-text-editor\" data-id=\"ef125a6\" data-element_type=\"widget\" data-e-type=\"widget\" data-widget_type=\"text-editor.default\">\n\t\t\t\t<div class=\"elementor-widget-container\">\n\t\t\t\t\t\t\t\t\t<h3>Paiement diff\u00e9r\u00e9<\/h3>\n<p>Vous pouvez choisir cette option de paiement lors de votre commande si vous souhaitez diff\u00e9rer le paiement de vos commandes en fonction de vos besoins, selon les conditions suivantes :<\/p>\n<p>La facture associ\u00e9e sera \u00e9mise <strong>au moment de passer la commande<\/strong> et la date d&rsquo;\u00e9ch\u00e9ance sera stipul\u00e9e en fonction de votre choix de prorogation et jour du paiement.<\/p>\n<p class=\"list\">Si vous choisissez l&rsquo;option du p<strong>r\u00e9l\u00e8vement automatique<\/strong>, veuillez indiquer un compte bancaire dont vous \u00eates le titulaire et sur lequel les factures seront pay\u00e9es \u00e0 l&rsquo;\u00e9ch\u00e9ance.<\/p>\n<h3>Conditions d&rsquo;ouverture<\/h3>\n<p>Afin d&rsquo;accepter l&rsquo;ouverture d&rsquo;un compte \u00e0 paiement diff\u00e9r\u00e9, les points suivants doivent \u00eatre respect\u00e9s :<\/p>\n<p class=\"list\">Le client aura d\u00e9j\u00e0 pass\u00e9 des commandes d&rsquo;une valeur de <strong>3 000 \u20ac (ou plus) au cours des 12 derniers mois.<\/strong><\/p>\n<p class=\"list\">Le rapport r\u00e9sultant de l&rsquo;\u00e9tude de risque, effectu\u00e9e par un agent externe de <strong>garantie de cr\u00e9dit<\/strong>, doit pr\u00e9senter un <strong>r\u00e9sultat positif<\/strong> et le montant du cr\u00e9dit qui peut \u00eatre garanti et qui doit \u00eatre sup\u00e9rieur au montant total des commandes pour une p\u00e9riode compl\u00e8te.<\/p>\n<h3>Autorisation<\/h3>\n<p>A la soci\u00e9t\u00e9 Ingenier\u00eda de Procesos y Producto I-MAS, S.L. avec C.I.F. B63729495 pour transf\u00e9rer au num\u00e9ro de compte sp\u00e9cifi\u00e9 dans cette autorisation toutes les re\u00e7us correspondant aux factures issues des relations commerciales entre les deux soci\u00e9t\u00e9s, conform\u00e9ment \u00e0 la loi 16\/2009 sur les services de paiement.<\/p>\n\t\t\t\t\t\t\t\t<\/div>\n\t\t\t\t<\/div>\n\t\t\t\t\t<\/div>\n\t\t<\/div>\n\t\t\t\t\t<\/div>\n\t\t<\/section>\n\t\t\t\t<\/div>\n\t\t","protected":false},"excerpt":{"rendered":"<p>Paiement diff\u00e9r\u00e9 Paiement diff\u00e9r\u00e9 Vous pouvez choisir cette option de paiement lors de votre commande si vous souhaitez diff\u00e9rer le paiement de vos commandes en fonction de vos besoins, selon les conditions suivantes : La facture associ\u00e9e sera \u00e9mise au moment de passer la commande et la date d&rsquo;\u00e9ch\u00e9ance sera stipul\u00e9e en fonction de votre [&hellip;]<\/p>\n","protected":false},"author":3,"featured_media":0,"parent":0,"menu_order":0,"comment_status":"closed","ping_status":"closed","template":"","meta":{"ocean_post_layout":"full-screen","ocean_both_sidebars_style":"","ocean_both_sidebars_content_width":0,"ocean_both_sidebars_sidebars_width":0,"ocean_sidebar":"0","ocean_second_sidebar":"0","ocean_disable_margins":"enable","ocean_add_body_class":"","ocean_shortcode_before_top_bar":"","ocean_shortcode_after_top_bar":"","ocean_shortcode_before_header":"","ocean_shortcode_after_header":"","ocean_has_shortcode":"","ocean_shortcode_after_title":"","ocean_shortcode_before_footer_widgets":"","ocean_shortcode_after_footer_widgets":"","ocean_shortcode_before_footer_bottom":"","ocean_shortcode_after_footer_bottom":"","ocean_display_top_bar":"default","ocean_display_header":"default","ocean_header_style":"","ocean_center_header_left_menu":"0","ocean_custom_header_template":"0","ocean_custom_logo":0,"ocean_custom_retina_logo":0,"ocean_custom_logo_max_width":0,"ocean_custom_logo_tablet_max_width":0,"ocean_custom_logo_mobile_max_width":0,"ocean_custom_logo_max_height":0,"ocean_custom_logo_tablet_max_height":0,"ocean_custom_logo_mobile_max_height":0,"ocean_header_custom_menu":"0","ocean_menu_typo_font_family":"0","ocean_menu_typo_font_subset":"","ocean_menu_typo_font_size":0,"ocean_menu_typo_font_size_tablet":0,"ocean_menu_typo_font_size_mobile":0,"ocean_menu_typo_font_size_unit":"px","ocean_menu_typo_font_weight":"","ocean_menu_typo_font_weight_tablet":"","ocean_menu_typo_font_weight_mobile":"","ocean_menu_typo_transform":"","ocean_menu_typo_transform_tablet":"","ocean_menu_typo_transform_mobile":"","ocean_menu_typo_line_height":0,"ocean_menu_typo_line_height_tablet":0,"ocean_menu_typo_line_height_mobile":0,"ocean_menu_typo_line_height_unit":"","ocean_menu_typo_spacing":0,"ocean_menu_typo_spacing_tablet":0,"ocean_menu_typo_spacing_mobile":0,"ocean_menu_typo_spacing_unit":"","ocean_menu_link_color":"","ocean_menu_link_color_hover":"","ocean_menu_link_color_active":"","ocean_menu_link_background":"","ocean_menu_link_hover_background":"","ocean_menu_link_active_background":"","ocean_menu_social_links_bg":"","ocean_menu_social_hover_links_bg":"","ocean_menu_social_links_color":"","ocean_menu_social_hover_links_color":"","ocean_disable_title":"default","ocean_disable_heading":"default","ocean_post_title":"","ocean_post_subheading":"","ocean_post_title_style":"","ocean_post_title_background_color":"","ocean_post_title_background":0,"ocean_post_title_bg_image_position":"","ocean_post_title_bg_image_attachment":"","ocean_post_title_bg_image_repeat":"","ocean_post_title_bg_image_size":"","ocean_post_title_height":0,"ocean_post_title_bg_overlay":0.5,"ocean_post_title_bg_overlay_color":"","ocean_disable_breadcrumbs":"default","ocean_breadcrumbs_color":"","ocean_breadcrumbs_separator_color":"","ocean_breadcrumbs_links_color":"","ocean_breadcrumbs_links_hover_color":"","ocean_display_footer_widgets":"default","ocean_display_footer_bottom":"default","ocean_custom_footer_template":"0","footnotes":""},"class_list":["post-4036","page","type-page","status-publish","hentry","entry","owp-thumbs-layout-horizontal","owp-btn-normal","owp-tabs-layout-horizontal","has-no-thumbnails","has-product-nav"],"yoast_head":"<!-- This site is optimized with the Yoast SEO plugin v27.4 - https:\/\/yoast.com\/product\/yoast-seo-wordpress\/ -->\n<title>Paiement \u00e0 cr\u00e9dit : Proto&amp;GO !<\/title>\n<meta name=\"description\" content=\"Choisissez le paiement \u00e0 cr\u00e9dit pour diff\u00e9rer le paiement de vos commandes en fonction de vos besoins et selon les conditions suivantes :\" \/>\n<meta name=\"robots\" content=\"index, follow, max-snippet:-1, max-image-preview:large, max-video-preview:-1\" \/>\n<link rel=\"canonical\" href=\"https:\/\/protoandgo.com\/fr\/paiement-differe\/\" \/>\n<meta property=\"og:locale\" content=\"fr_FR\" \/>\n<meta property=\"og:type\" content=\"article\" \/>\n<meta property=\"og:title\" content=\"Paiement \u00e0 cr\u00e9dit : Proto&amp;GO !\" \/>\n<meta property=\"og:description\" content=\"Choisissez le paiement \u00e0 cr\u00e9dit pour diff\u00e9rer le paiement de vos commandes en fonction de vos besoins et selon les conditions suivantes :\" \/>\n<meta property=\"og:url\" content=\"https:\/\/protoandgo.com\/fr\/paiement-differe\/\" \/>\n<meta property=\"og:site_name\" content=\"PROTO&amp;GO!\" \/>\n<meta property=\"article:modified_time\" content=\"2023-06-14T15:29:21+00:00\" \/>\n<meta name=\"twitter:card\" content=\"summary_large_image\" \/>\n<meta name=\"twitter:label1\" content=\"Dur\u00e9e de lecture estim\u00e9e\" \/>\n\t<meta name=\"twitter:data1\" content=\"1 minute\" \/>\n<script type=\"application\/ld+json\" class=\"yoast-schema-graph\">{\"@context\":\"https:\\\/\\\/schema.org\",\"@graph\":[{\"@type\":\"WebPage\",\"@id\":\"https:\\\/\\\/protoandgo.com\\\/fr\\\/paiement-differe\\\/\",\"url\":\"https:\\\/\\\/protoandgo.com\\\/fr\\\/paiement-differe\\\/\",\"name\":\"Paiement \u00e0 cr\u00e9dit : Proto&GO !\",\"isPartOf\":{\"@id\":\"https:\\\/\\\/protoandgo.com\\\/fr\\\/#website\"},\"datePublished\":\"2023-05-09T13:56:10+00:00\",\"dateModified\":\"2023-06-14T15:29:21+00:00\",\"description\":\"Choisissez le paiement \u00e0 cr\u00e9dit pour diff\u00e9rer le paiement de vos commandes en fonction de vos besoins et selon les conditions suivantes :\",\"breadcrumb\":{\"@id\":\"https:\\\/\\\/protoandgo.com\\\/fr\\\/paiement-differe\\\/#breadcrumb\"},\"inLanguage\":\"fr-FR\",\"potentialAction\":[{\"@type\":\"ReadAction\",\"target\":[\"https:\\\/\\\/protoandgo.com\\\/fr\\\/paiement-differe\\\/\"]}]},{\"@type\":\"BreadcrumbList\",\"@id\":\"https:\\\/\\\/protoandgo.com\\\/fr\\\/paiement-differe\\\/#breadcrumb\",\"itemListElement\":[{\"@type\":\"ListItem\",\"position\":1,\"name\":\"Portada\",\"item\":\"https:\\\/\\\/protoandgo.com\\\/fr\\\/\"},{\"@type\":\"ListItem\",\"position\":2,\"name\":\"Paiement diff\u00e9r\u00e9\"}]},{\"@type\":\"WebSite\",\"@id\":\"https:\\\/\\\/protoandgo.com\\\/fr\\\/#website\",\"url\":\"https:\\\/\\\/protoandgo.com\\\/fr\\\/\",\"name\":\"PROTO&GO!\",\"description\":\"\",\"publisher\":{\"@id\":\"https:\\\/\\\/protoandgo.com\\\/fr\\\/#organization\"},\"potentialAction\":[{\"@type\":\"SearchAction\",\"target\":{\"@type\":\"EntryPoint\",\"urlTemplate\":\"https:\\\/\\\/protoandgo.com\\\/fr\\\/?s={search_term_string}\"},\"query-input\":{\"@type\":\"PropertyValueSpecification\",\"valueRequired\":true,\"valueName\":\"search_term_string\"}}],\"inLanguage\":\"fr-FR\"},{\"@type\":\"Organization\",\"@id\":\"https:\\\/\\\/protoandgo.com\\\/fr\\\/#organization\",\"name\":\"PROTO&GO!\",\"url\":\"https:\\\/\\\/protoandgo.com\\\/fr\\\/\",\"logo\":{\"@type\":\"ImageObject\",\"inLanguage\":\"fr-FR\",\"@id\":\"https:\\\/\\\/protoandgo.com\\\/fr\\\/#\\\/schema\\\/logo\\\/image\\\/\",\"url\":\"https:\\\/\\\/protoandgo.com\\\/wp-content\\\/uploads\\\/2023\\\/04\\\/LOGOTIPO1.png\",\"contentUrl\":\"https:\\\/\\\/protoandgo.com\\\/wp-content\\\/uploads\\\/2023\\\/04\\\/LOGOTIPO1.png\",\"width\":336,\"height\":88,\"caption\":\"PROTO&GO!\"},\"image\":{\"@id\":\"https:\\\/\\\/protoandgo.com\\\/fr\\\/#\\\/schema\\\/logo\\\/image\\\/\"},\"sameAs\":[\"https:\\\/\\\/www.instagram.com\\\/protoandgo\\\/\",\"https:\\\/\\\/www.linkedin.com\\\/company\\\/proto-go\\\/\"]}]}<\/script>\n<!-- \/ Yoast SEO plugin. -->","yoast_head_json":{"title":"Paiement \u00e0 cr\u00e9dit : Proto&GO !","description":"Choisissez le paiement \u00e0 cr\u00e9dit pour diff\u00e9rer le paiement de vos commandes en fonction de vos besoins et selon les conditions suivantes :","robots":{"index":"index","follow":"follow","max-snippet":"max-snippet:-1","max-image-preview":"max-image-preview:large","max-video-preview":"max-video-preview:-1"},"canonical":"https:\/\/protoandgo.com\/fr\/paiement-differe\/","og_locale":"fr_FR","og_type":"article","og_title":"Paiement \u00e0 cr\u00e9dit : Proto&GO !","og_description":"Choisissez le paiement \u00e0 cr\u00e9dit pour diff\u00e9rer le paiement de vos commandes en fonction de vos besoins et selon les conditions suivantes :","og_url":"https:\/\/protoandgo.com\/fr\/paiement-differe\/","og_site_name":"PROTO&amp;GO!","article_modified_time":"2023-06-14T15:29:21+00:00","twitter_card":"summary_large_image","twitter_misc":{"Dur\u00e9e de lecture estim\u00e9e":"1 minute"},"schema":{"@context":"https:\/\/schema.org","@graph":[{"@type":"WebPage","@id":"https:\/\/protoandgo.com\/fr\/paiement-differe\/","url":"https:\/\/protoandgo.com\/fr\/paiement-differe\/","name":"Paiement \u00e0 cr\u00e9dit : Proto&GO !","isPartOf":{"@id":"https:\/\/protoandgo.com\/fr\/#website"},"datePublished":"2023-05-09T13:56:10+00:00","dateModified":"2023-06-14T15:29:21+00:00","description":"Choisissez le paiement \u00e0 cr\u00e9dit pour diff\u00e9rer le paiement de vos commandes en fonction de vos besoins et selon les conditions suivantes :","breadcrumb":{"@id":"https:\/\/protoandgo.com\/fr\/paiement-differe\/#breadcrumb"},"inLanguage":"fr-FR","potentialAction":[{"@type":"ReadAction","target":["https:\/\/protoandgo.com\/fr\/paiement-differe\/"]}]},{"@type":"BreadcrumbList","@id":"https:\/\/protoandgo.com\/fr\/paiement-differe\/#breadcrumb","itemListElement":[{"@type":"ListItem","position":1,"name":"Portada","item":"https:\/\/protoandgo.com\/fr\/"},{"@type":"ListItem","position":2,"name":"Paiement diff\u00e9r\u00e9"}]},{"@type":"WebSite","@id":"https:\/\/protoandgo.com\/fr\/#website","url":"https:\/\/protoandgo.com\/fr\/","name":"PROTO&GO!","description":"","publisher":{"@id":"https:\/\/protoandgo.com\/fr\/#organization"},"potentialAction":[{"@type":"SearchAction","target":{"@type":"EntryPoint","urlTemplate":"https:\/\/protoandgo.com\/fr\/?s={search_term_string}"},"query-input":{"@type":"PropertyValueSpecification","valueRequired":true,"valueName":"search_term_string"}}],"inLanguage":"fr-FR"},{"@type":"Organization","@id":"https:\/\/protoandgo.com\/fr\/#organization","name":"PROTO&GO!","url":"https:\/\/protoandgo.com\/fr\/","logo":{"@type":"ImageObject","inLanguage":"fr-FR","@id":"https:\/\/protoandgo.com\/fr\/#\/schema\/logo\/image\/","url":"https:\/\/protoandgo.com\/wp-content\/uploads\/2023\/04\/LOGOTIPO1.png","contentUrl":"https:\/\/protoandgo.com\/wp-content\/uploads\/2023\/04\/LOGOTIPO1.png","width":336,"height":88,"caption":"PROTO&GO!"},"image":{"@id":"https:\/\/protoandgo.com\/fr\/#\/schema\/logo\/image\/"},"sameAs":["https:\/\/www.instagram.com\/protoandgo\/","https:\/\/www.linkedin.com\/company\/proto-go\/"]}]}},"_links":{"self":[{"href":"https:\/\/protoandgo.com\/fr\/wp-json\/wp\/v2\/pages\/4036","targetHints":{"allow":["GET"]}}],"collection":[{"href":"https:\/\/protoandgo.com\/fr\/wp-json\/wp\/v2\/pages"}],"about":[{"href":"https:\/\/protoandgo.com\/fr\/wp-json\/wp\/v2\/types\/page"}],"author":[{"embeddable":true,"href":"https:\/\/protoandgo.com\/fr\/wp-json\/wp\/v2\/users\/3"}],"replies":[{"embeddable":true,"href":"https:\/\/protoandgo.com\/fr\/wp-json\/wp\/v2\/comments?post=4036"}],"version-history":[{"count":0,"href":"https:\/\/protoandgo.com\/fr\/wp-json\/wp\/v2\/pages\/4036\/revisions"}],"wp:attachment":[{"href":"https:\/\/protoandgo.com\/fr\/wp-json\/wp\/v2\/media?parent=4036"}],"curies":[{"name":"wp","href":"https:\/\/api.w.org\/{rel}","templated":true}]}}