{"id":5699,"date":"2023-05-09T13:46:15","date_gmt":"2023-05-09T13:46:15","guid":{"rendered":"https:\/\/protoandgo.com\/imprimer\/"},"modified":"2023-07-20T09:27:47","modified_gmt":"2023-07-20T09:27:47","slug":"imprimer","status":"publish","type":"page","link":"https:\/\/protoandgo.com\/fr\/imprimer\/","title":{"rendered":"Imprimer"},"content":{"rendered":"\t\t<div data-elementor-type=\"wp-page\" data-elementor-id=\"5699\" class=\"elementor elementor-5699 elementor-2132\" data-elementor-post-type=\"page\">\n\t\t\t\t\t\t<section class=\"elementor-section elementor-top-section elementor-element elementor-element-d1d476a elementor-section-boxed elementor-section-height-default elementor-section-height-default\" data-id=\"d1d476a\" data-element_type=\"section\" data-e-type=\"section\" data-settings=\"{&quot;background_background&quot;:&quot;classic&quot;}\">\n\t\t\t\t\t\t<div class=\"elementor-container elementor-column-gap-default\">\n\t\t\t\t\t<div class=\"elementor-column elementor-col-100 elementor-top-column elementor-element elementor-element-f6d29bf\" data-id=\"f6d29bf\" data-element_type=\"column\" data-e-type=\"column\">\n\t\t\t<div class=\"elementor-widget-wrap elementor-element-populated\">\n\t\t\t\t\t\t<div class=\"elementor-element elementor-element-82b6f54 elementor-widget elementor-widget-heading\" data-id=\"82b6f54\" data-element_type=\"widget\" data-e-type=\"widget\" data-widget_type=\"heading.default\">\n\t\t\t\t<div class=\"elementor-widget-container\">\n\t\t\t\t\t<h2 class=\"elementor-heading-title elementor-size-default\">Imprimer<\/h2>\t\t\t\t<\/div>\n\t\t\t\t<\/div>\n\t\t\t\t\t<\/div>\n\t\t<\/div>\n\t\t\t\t\t<\/div>\n\t\t<\/section>\n\t\t\t\t<section class=\"elementor-section elementor-top-section elementor-element elementor-element-578110b elementor-section-boxed elementor-section-height-default elementor-section-height-default\" data-id=\"578110b\" data-element_type=\"section\" data-e-type=\"section\">\n\t\t\t\t\t\t<div class=\"elementor-container elementor-column-gap-default\">\n\t\t\t\t\t<div class=\"elementor-column elementor-col-100 elementor-top-column elementor-element elementor-element-1bf03fe\" data-id=\"1bf03fe\" data-element_type=\"column\" data-e-type=\"column\">\n\t\t\t<div class=\"elementor-widget-wrap elementor-element-populated\">\n\t\t\t\t\t\t<div class=\"elementor-element elementor-element-95c70a5 elementor-widget elementor-widget-text-editor\" data-id=\"95c70a5\" data-element_type=\"widget\" data-e-type=\"widget\" data-widget_type=\"text-editor.default\">\n\t\t\t\t<div class=\"elementor-widget-container\">\n\t\t\t\t\t\t\t\t\t<p><strong>\u00c9l\u00e9ments s\u00e9lectionn\u00e9s<\/strong><\/p>\n<p>Proto&amp;Go! consid\u00e8re que les fchiers CAO livr\u00e9s par le client ont \u00e9t\u00e9 valid\u00e9s et n\u2019est donc pas responsable s\u2019ils contiennent des erreurs.<\/p>\n<p>Il incombe aux clients de s\u2019assurer que les propri\u00e9t\u00e9s et les performances du mat\u00e9riau et de la fnition choisis r\u00e9pondent aux exigences de leur application sp\u00e9cifque.<\/p>\n<p><strong>Budgets<\/strong>. Un budget n\u2019est valable que pour le mod\u00e8le CAO sur lequel il est bas\u00e9. Toute modifcation apport\u00e9e au mod\u00e8le n\u00e9cessite un budget actualis\u00e9.<\/p>\n<p>Les offres sont valables 30 jours, apr\u00e8s cette date les prix peuvent varier.<\/p>\n<p><strong>Tol\u00e9rances du prototype<\/strong><\/p>\n<p>La tol\u00e9rance g\u00e9n\u00e9rale pour les pi\u00e8ces de process est la suivante:<\/p>\n<table width=\"709\">\n<tbody>\n<tr>\n<td width=\"198\">St\u00e9r\u00e9olithographie<\/td>\n<td width=\"106\">(SLA)<\/td>\n<td colspan=\"4\" width=\"404\">\u00b1 0.20 mm pour 100 mm<\/td>\n<\/tr>\n<tr>\n<td width=\"198\">Frittage<\/td>\n<td width=\"106\">(SLS)<\/td>\n<td colspan=\"4\" width=\"404\">\u00b1 0.30 mm pour 100 mm<\/td>\n<\/tr>\n<tr>\n<td width=\"198\">D\u00e9p\u00f4t par fusion<\/td>\n<td width=\"106\">(FDM)<\/td>\n<td colspan=\"4\" width=\"404\">\u00b1 0.10 \u2013 0.30 mm pour 100 mm<\/td>\n<\/tr>\n<tr>\n<td width=\"198\">Polyjet<\/td>\n<td width=\"106\">(OBJ)<\/td>\n<td colspan=\"4\" width=\"404\">\u00b1 0.20 mm pour 100 mm<\/td>\n<\/tr>\n<tr>\n<td width=\"198\">Molde silicona<\/td>\n<td width=\"106\">(PUR)<\/td>\n<td colspan=\"4\" width=\"404\">\u00b1 0.20 \u2013 0.30 mm pour 100 mm<\/td>\n<\/tr>\n<tr>\n<td width=\"198\">Tol\u00e9rances usin\u00e9es<\/p>\n<p>(dimensions en millim\u00e8tres)<\/p>\n<\/td>\n<td width=\"106\"> <\/td>\n<td width=\"95\">plus de 0,5 \u00e0 6<\/td>\n<td width=\"95\">plus de 6<\/p>\n<p>jusqu\u2019 \u00e0 30<\/p>\n<\/td>\n<td width=\"95\">plus de 30<\/p>\n<p>jusqu\u2019 \u00e0 120<\/p>\n<\/td>\n<td width=\"121\">plus de 120<\/p>\n<p>jusqu\u2019 \u00e0 400<\/p>\n<\/td>\n<\/tr>\n<tr>\n<td width=\"198\">Usinage des m\u00e9taux<\/td>\n<td width=\"106\">(CNC-M)<\/td>\n<td width=\"95\">\u00b1 0.05 mm<\/td>\n<td width=\"95\">\u00b1 0.10 mm<\/td>\n<td width=\"95\">\u00b1 0.15 mm<\/td>\n<td width=\"121\">\u00b1 0.20 mm<\/td>\n<\/tr>\n<tr>\n<td width=\"198\">Usinage du plastique<\/td>\n<td width=\"106\">(CNC-P)<\/td>\n<td width=\"95\">\u00b1 0.10 mm<\/td>\n<td width=\"95\">\u00b1 0.20 mm<\/td>\n<td width=\"95\">\u00b1 0.30 mm<\/td>\n<td width=\"121\">\u00b1 0.50 mm<\/td>\n<\/tr>\n<\/tbody>\n<\/table>\n<p>Il est de la responsabilit\u00e9 du client de s\u2019assurer, par ses moyens, que les tol\u00e9rances obtenues par les diff\u00e9rents proc\u00e9d\u00e9s sont minimales et suffsantes pour le bon fonctionnement de leur application sp\u00e9cifque.<\/p>\n<p>Si des plans avec d\u2019autres tol\u00e9rances sont joints, nous nous efforcerons de les respecter dans la mesure du possible sans engagement ferme de notre part pour les obtenir.<\/p>\n<p><strong>Conformit\u00e9 avec les prototypes<\/strong><\/p>\n<p>Si le client souhaite retourner les pi\u00e8ces re\u00e7ues pour non-conformit\u00e9, il doit nous en informer par \u00e9crit dans les deux jours ouvrables suivant leur r\u00e9ception. Vous devez \u00e9galement joindre une d\u00e9claration de non-conformit\u00e9 pr\u00e9cisant les motifs du retour.<\/p>\n<p><strong>Emballage et exp\u00e9dition<\/strong><\/p>\n<p>Sauf indication contraire, les composants seront exp\u00e9di\u00e9s par courrier le jour ouvrable suivant, port pay\u00e9 et accompagn\u00e9s d\u2019un bon de livraison.<\/p>\n<p>Sauf commande pr\u00e9alable, l\u2019emballage doit \u00eatre emball\u00e9 dans une bo\u00eete en carton.<\/p>\n<p><strong>D\u00e9lai de livraison<\/strong><\/p>\n<p>Les devis \u00e9mis comprennent une date de livraison estim\u00e9e, calcul\u00e9e sur la base des donn\u00e9es saisies. Le d\u00e9lai de livraison est une indication pr\u00e9liminaire de la date de livraison, et ne lie pas Proto&amp;Go! de quelque fa\u00e7on que ce soit.<\/p>\n<p><strong>Garanties.<\/strong> Proto&amp;Go! n\u2019assume aucune responsabilit\u00e9 quant \u00e0 la conception de la pi\u00e8ce fabriqu\u00e9e. Dans la mesure o\u00f9 le personnel du vendeur a recommand\u00e9 des modifcations de conception ou fourni des analyses, des simulations ou des conseils de conception, la raison en est d\u2019aider \u00e0 r\u00e9pondre aux exigences du processus de fabrication lui-m\u00eame. Les sp\u00e9cifcations de conception et l\u2019ex\u00e9cution des marchandises sont la seule responsabilit\u00e9 l\u00e9gale de l\u2019acheteur.<\/p>\n<p>Pour plus d\u2019informations, visitez la section Conditions g\u00e9n\u00e9rales de<a href=\"http:\/\/www.protoandgo.com\/\">www.protoandgo.com\/fr\/<\/a><\/p>\n\t\t\t\t\t\t\t\t<\/div>\n\t\t\t\t<\/div>\n\t\t\t\t\t<\/div>\n\t\t<\/div>\n\t\t\t\t\t<\/div>\n\t\t<\/section>\n\t\t\t\t<\/div>\n\t\t","protected":false},"excerpt":{"rendered":"<p>Imprimer \u00c9l\u00e9ments s\u00e9lectionn\u00e9s Proto&amp;Go! consid\u00e8re que les fchiers CAO livr\u00e9s par le client ont \u00e9t\u00e9 valid\u00e9s et n\u2019est donc pas responsable s\u2019ils contiennent des erreurs. Il incombe aux clients de s\u2019assurer que les propri\u00e9t\u00e9s et les performances du mat\u00e9riau et de la fnition choisis r\u00e9pondent aux exigences de leur application sp\u00e9cifque. Budgets. Un budget n\u2019est [&hellip;]<\/p>\n","protected":false},"author":3,"featured_media":0,"parent":0,"menu_order":0,"comment_status":"closed","ping_status":"closed","template":"","meta":{"ocean_post_layout":"full-screen","ocean_both_sidebars_style":"","ocean_both_sidebars_content_width":0,"ocean_both_sidebars_sidebars_width":0,"ocean_sidebar":"0","ocean_second_sidebar":"0","ocean_disable_margins":"enable","ocean_add_body_class":"","ocean_shortcode_before_top_bar":"","ocean_shortcode_after_top_bar":"","ocean_shortcode_before_header":"","ocean_shortcode_after_header":"","ocean_has_shortcode":"","ocean_shortcode_after_title":"","ocean_shortcode_before_footer_widgets":"","ocean_shortcode_after_footer_widgets":"","ocean_shortcode_before_footer_bottom":"","ocean_shortcode_after_footer_bottom":"","ocean_display_top_bar":"default","ocean_display_header":"default","ocean_header_style":"","ocean_center_header_left_menu":"0","ocean_custom_header_template":"0","ocean_custom_logo":0,"ocean_custom_retina_logo":0,"ocean_custom_logo_max_width":0,"ocean_custom_logo_tablet_max_width":0,"ocean_custom_logo_mobile_max_width":0,"ocean_custom_logo_max_height":0,"ocean_custom_logo_tablet_max_height":0,"ocean_custom_logo_mobile_max_height":0,"ocean_header_custom_menu":"0","ocean_menu_typo_font_family":"0","ocean_menu_typo_font_subset":"","ocean_menu_typo_font_size":0,"ocean_menu_typo_font_size_tablet":0,"ocean_menu_typo_font_size_mobile":0,"ocean_menu_typo_font_size_unit":"px","ocean_menu_typo_font_weight":"","ocean_menu_typo_font_weight_tablet":"","ocean_menu_typo_font_weight_mobile":"","ocean_menu_typo_transform":"","ocean_menu_typo_transform_tablet":"","ocean_menu_typo_transform_mobile":"","ocean_menu_typo_line_height":0,"ocean_menu_typo_line_height_tablet":0,"ocean_menu_typo_line_height_mobile":0,"ocean_menu_typo_line_height_unit":"","ocean_menu_typo_spacing":0,"ocean_menu_typo_spacing_tablet":0,"ocean_menu_typo_spacing_mobile":0,"ocean_menu_typo_spacing_unit":"","ocean_menu_link_color":"","ocean_menu_link_color_hover":"","ocean_menu_link_color_active":"","ocean_menu_link_background":"","ocean_menu_link_hover_background":"","ocean_menu_link_active_background":"","ocean_menu_social_links_bg":"","ocean_menu_social_hover_links_bg":"","ocean_menu_social_links_color":"","ocean_menu_social_hover_links_color":"","ocean_disable_title":"default","ocean_disable_heading":"default","ocean_post_title":"","ocean_post_subheading":"","ocean_post_title_style":"","ocean_post_title_background_color":"","ocean_post_title_background":0,"ocean_post_title_bg_image_position":"","ocean_post_title_bg_image_attachment":"","ocean_post_title_bg_image_repeat":"","ocean_post_title_bg_image_size":"","ocean_post_title_height":0,"ocean_post_title_bg_overlay":0.5,"ocean_post_title_bg_overlay_color":"","ocean_disable_breadcrumbs":"default","ocean_breadcrumbs_color":"","ocean_breadcrumbs_separator_color":"","ocean_breadcrumbs_links_color":"","ocean_breadcrumbs_links_hover_color":"","ocean_display_footer_widgets":"default","ocean_display_footer_bottom":"default","ocean_custom_footer_template":"0","footnotes":""},"class_list":["post-5699","page","type-page","status-publish","hentry","entry","owp-thumbs-layout-horizontal","owp-btn-normal","owp-tabs-layout-horizontal","has-no-thumbnails","has-product-nav"],"yoast_head":"<!-- This site is optimized with the Yoast SEO plugin v27.3 - https:\/\/yoast.com\/product\/yoast-seo-wordpress\/ -->\n<title>Imprimer - PROTO&amp;GO!<\/title>\n<meta name=\"robots\" content=\"index, follow, max-snippet:-1, max-image-preview:large, max-video-preview:-1\" \/>\n<link rel=\"canonical\" href=\"https:\/\/protoandgo.com\/fr\/imprimer\/\" \/>\n<meta property=\"og:locale\" content=\"fr_FR\" \/>\n<meta property=\"og:type\" content=\"article\" \/>\n<meta property=\"og:title\" content=\"Imprimer - PROTO&amp;GO!\" \/>\n<meta property=\"og:description\" content=\"Imprimer \u00c9l\u00e9ments s\u00e9lectionn\u00e9s Proto&amp;Go! consid\u00e8re que les fchiers CAO livr\u00e9s par le client ont \u00e9t\u00e9 valid\u00e9s et n\u2019est donc pas responsable s\u2019ils contiennent des erreurs. Il incombe aux clients de s\u2019assurer que les propri\u00e9t\u00e9s et les performances du mat\u00e9riau et de la fnition choisis r\u00e9pondent aux exigences de leur application sp\u00e9cifque. Budgets. Un budget n\u2019est [&hellip;]\" \/>\n<meta property=\"og:url\" content=\"https:\/\/protoandgo.com\/fr\/imprimer\/\" \/>\n<meta property=\"og:site_name\" content=\"PROTO&amp;GO!\" \/>\n<meta property=\"article:modified_time\" content=\"2023-07-20T09:27:47+00:00\" \/>\n<meta name=\"twitter:card\" content=\"summary_large_image\" \/>\n<meta name=\"twitter:label1\" content=\"Dur\u00e9e de lecture estim\u00e9e\" \/>\n\t<meta name=\"twitter:data1\" content=\"3 minutes\" \/>\n<script type=\"application\/ld+json\" class=\"yoast-schema-graph\">{\"@context\":\"https:\\\/\\\/schema.org\",\"@graph\":[{\"@type\":\"WebPage\",\"@id\":\"https:\\\/\\\/protoandgo.com\\\/fr\\\/imprimer\\\/\",\"url\":\"https:\\\/\\\/protoandgo.com\\\/fr\\\/imprimer\\\/\",\"name\":\"Imprimer - PROTO&amp;GO!\",\"isPartOf\":{\"@id\":\"https:\\\/\\\/protoandgo.com\\\/fr\\\/#website\"},\"datePublished\":\"2023-05-09T13:46:15+00:00\",\"dateModified\":\"2023-07-20T09:27:47+00:00\",\"breadcrumb\":{\"@id\":\"https:\\\/\\\/protoandgo.com\\\/fr\\\/imprimer\\\/#breadcrumb\"},\"inLanguage\":\"fr-FR\",\"potentialAction\":[{\"@type\":\"ReadAction\",\"target\":[\"https:\\\/\\\/protoandgo.com\\\/fr\\\/imprimer\\\/\"]}]},{\"@type\":\"BreadcrumbList\",\"@id\":\"https:\\\/\\\/protoandgo.com\\\/fr\\\/imprimer\\\/#breadcrumb\",\"itemListElement\":[{\"@type\":\"ListItem\",\"position\":1,\"name\":\"Portada\",\"item\":\"https:\\\/\\\/protoandgo.com\\\/fr\\\/\"},{\"@type\":\"ListItem\",\"position\":2,\"name\":\"Imprimer\"}]},{\"@type\":\"WebSite\",\"@id\":\"https:\\\/\\\/protoandgo.com\\\/fr\\\/#website\",\"url\":\"https:\\\/\\\/protoandgo.com\\\/fr\\\/\",\"name\":\"PROTO&GO!\",\"description\":\"\",\"publisher\":{\"@id\":\"https:\\\/\\\/protoandgo.com\\\/fr\\\/#organization\"},\"potentialAction\":[{\"@type\":\"SearchAction\",\"target\":{\"@type\":\"EntryPoint\",\"urlTemplate\":\"https:\\\/\\\/protoandgo.com\\\/fr\\\/?s={search_term_string}\"},\"query-input\":{\"@type\":\"PropertyValueSpecification\",\"valueRequired\":true,\"valueName\":\"search_term_string\"}}],\"inLanguage\":\"fr-FR\"},{\"@type\":\"Organization\",\"@id\":\"https:\\\/\\\/protoandgo.com\\\/fr\\\/#organization\",\"name\":\"PROTO&GO!\",\"url\":\"https:\\\/\\\/protoandgo.com\\\/fr\\\/\",\"logo\":{\"@type\":\"ImageObject\",\"inLanguage\":\"fr-FR\",\"@id\":\"https:\\\/\\\/protoandgo.com\\\/fr\\\/#\\\/schema\\\/logo\\\/image\\\/\",\"url\":\"https:\\\/\\\/protoandgo.com\\\/wp-content\\\/uploads\\\/2023\\\/04\\\/LOGOTIPO1.png\",\"contentUrl\":\"https:\\\/\\\/protoandgo.com\\\/wp-content\\\/uploads\\\/2023\\\/04\\\/LOGOTIPO1.png\",\"width\":336,\"height\":88,\"caption\":\"PROTO&GO!\"},\"image\":{\"@id\":\"https:\\\/\\\/protoandgo.com\\\/fr\\\/#\\\/schema\\\/logo\\\/image\\\/\"},\"sameAs\":[\"https:\\\/\\\/www.instagram.com\\\/protoandgo\\\/\",\"https:\\\/\\\/www.linkedin.com\\\/company\\\/proto-go\\\/\"]}]}<\/script>\n<!-- \/ Yoast SEO plugin. -->","yoast_head_json":{"title":"Imprimer - PROTO&amp;GO!","robots":{"index":"index","follow":"follow","max-snippet":"max-snippet:-1","max-image-preview":"max-image-preview:large","max-video-preview":"max-video-preview:-1"},"canonical":"https:\/\/protoandgo.com\/fr\/imprimer\/","og_locale":"fr_FR","og_type":"article","og_title":"Imprimer - PROTO&amp;GO!","og_description":"Imprimer \u00c9l\u00e9ments s\u00e9lectionn\u00e9s Proto&amp;Go! consid\u00e8re que les fchiers CAO livr\u00e9s par le client ont \u00e9t\u00e9 valid\u00e9s et n\u2019est donc pas responsable s\u2019ils contiennent des erreurs. Il incombe aux clients de s\u2019assurer que les propri\u00e9t\u00e9s et les performances du mat\u00e9riau et de la fnition choisis r\u00e9pondent aux exigences de leur application sp\u00e9cifque. Budgets. Un budget n\u2019est [&hellip;]","og_url":"https:\/\/protoandgo.com\/fr\/imprimer\/","og_site_name":"PROTO&amp;GO!","article_modified_time":"2023-07-20T09:27:47+00:00","twitter_card":"summary_large_image","twitter_misc":{"Dur\u00e9e de lecture estim\u00e9e":"3 minutes"},"schema":{"@context":"https:\/\/schema.org","@graph":[{"@type":"WebPage","@id":"https:\/\/protoandgo.com\/fr\/imprimer\/","url":"https:\/\/protoandgo.com\/fr\/imprimer\/","name":"Imprimer - PROTO&amp;GO!","isPartOf":{"@id":"https:\/\/protoandgo.com\/fr\/#website"},"datePublished":"2023-05-09T13:46:15+00:00","dateModified":"2023-07-20T09:27:47+00:00","breadcrumb":{"@id":"https:\/\/protoandgo.com\/fr\/imprimer\/#breadcrumb"},"inLanguage":"fr-FR","potentialAction":[{"@type":"ReadAction","target":["https:\/\/protoandgo.com\/fr\/imprimer\/"]}]},{"@type":"BreadcrumbList","@id":"https:\/\/protoandgo.com\/fr\/imprimer\/#breadcrumb","itemListElement":[{"@type":"ListItem","position":1,"name":"Portada","item":"https:\/\/protoandgo.com\/fr\/"},{"@type":"ListItem","position":2,"name":"Imprimer"}]},{"@type":"WebSite","@id":"https:\/\/protoandgo.com\/fr\/#website","url":"https:\/\/protoandgo.com\/fr\/","name":"PROTO&GO!","description":"","publisher":{"@id":"https:\/\/protoandgo.com\/fr\/#organization"},"potentialAction":[{"@type":"SearchAction","target":{"@type":"EntryPoint","urlTemplate":"https:\/\/protoandgo.com\/fr\/?s={search_term_string}"},"query-input":{"@type":"PropertyValueSpecification","valueRequired":true,"valueName":"search_term_string"}}],"inLanguage":"fr-FR"},{"@type":"Organization","@id":"https:\/\/protoandgo.com\/fr\/#organization","name":"PROTO&GO!","url":"https:\/\/protoandgo.com\/fr\/","logo":{"@type":"ImageObject","inLanguage":"fr-FR","@id":"https:\/\/protoandgo.com\/fr\/#\/schema\/logo\/image\/","url":"https:\/\/protoandgo.com\/wp-content\/uploads\/2023\/04\/LOGOTIPO1.png","contentUrl":"https:\/\/protoandgo.com\/wp-content\/uploads\/2023\/04\/LOGOTIPO1.png","width":336,"height":88,"caption":"PROTO&GO!"},"image":{"@id":"https:\/\/protoandgo.com\/fr\/#\/schema\/logo\/image\/"},"sameAs":["https:\/\/www.instagram.com\/protoandgo\/","https:\/\/www.linkedin.com\/company\/proto-go\/"]}]}},"_links":{"self":[{"href":"https:\/\/protoandgo.com\/fr\/wp-json\/wp\/v2\/pages\/5699","targetHints":{"allow":["GET"]}}],"collection":[{"href":"https:\/\/protoandgo.com\/fr\/wp-json\/wp\/v2\/pages"}],"about":[{"href":"https:\/\/protoandgo.com\/fr\/wp-json\/wp\/v2\/types\/page"}],"author":[{"embeddable":true,"href":"https:\/\/protoandgo.com\/fr\/wp-json\/wp\/v2\/users\/3"}],"replies":[{"embeddable":true,"href":"https:\/\/protoandgo.com\/fr\/wp-json\/wp\/v2\/comments?post=5699"}],"version-history":[{"count":0,"href":"https:\/\/protoandgo.com\/fr\/wp-json\/wp\/v2\/pages\/5699\/revisions"}],"wp:attachment":[{"href":"https:\/\/protoandgo.com\/fr\/wp-json\/wp\/v2\/media?parent=5699"}],"curies":[{"name":"wp","href":"https:\/\/api.w.org\/{rel}","templated":true}]}}