{"id":5737,"date":"2023-05-02T12:01:13","date_gmt":"2023-05-02T12:01:13","guid":{"rendered":"https:\/\/protoandgo.com\/politique-de-cookies\/"},"modified":"2023-07-25T10:12:16","modified_gmt":"2023-07-25T10:12:16","slug":"politique-de-cookies","status":"publish","type":"page","link":"https:\/\/protoandgo.com\/fr\/politique-de-cookies\/","title":{"rendered":"Politique de cookies"},"content":{"rendered":"\t\t<div data-elementor-type=\"wp-page\" data-elementor-id=\"5737\" class=\"elementor elementor-5737 elementor-1404\" data-elementor-post-type=\"page\">\n\t\t\t\t\t\t<section class=\"elementor-section elementor-top-section elementor-element elementor-element-6db0b50 elementor-section-boxed elementor-section-height-default elementor-section-height-default\" data-id=\"6db0b50\" data-element_type=\"section\" data-e-type=\"section\" data-settings=\"{&quot;background_background&quot;:&quot;classic&quot;}\">\n\t\t\t\t\t\t<div class=\"elementor-container elementor-column-gap-default\">\n\t\t\t\t\t<div class=\"elementor-column elementor-col-100 elementor-top-column elementor-element elementor-element-bee78e4\" data-id=\"bee78e4\" data-element_type=\"column\" data-e-type=\"column\">\n\t\t\t<div class=\"elementor-widget-wrap elementor-element-populated\">\n\t\t\t\t\t\t<div class=\"elementor-element elementor-element-5dd77f1 elementor-widget elementor-widget-heading\" data-id=\"5dd77f1\" data-element_type=\"widget\" data-e-type=\"widget\" data-widget_type=\"heading.default\">\n\t\t\t\t<div class=\"elementor-widget-container\">\n\t\t\t\t\t<h2 class=\"elementor-heading-title elementor-size-default\">Politique de cookies<\/h2>\t\t\t\t<\/div>\n\t\t\t\t<\/div>\n\t\t\t\t\t<\/div>\n\t\t<\/div>\n\t\t\t\t\t<\/div>\n\t\t<\/section>\n\t\t\t\t<section class=\"elementor-section elementor-top-section elementor-element elementor-element-7e836eb elementor-section-boxed elementor-section-height-default elementor-section-height-default\" data-id=\"7e836eb\" data-element_type=\"section\" data-e-type=\"section\">\n\t\t\t\t\t\t<div class=\"elementor-container elementor-column-gap-default\">\n\t\t\t\t\t<div class=\"elementor-column elementor-col-100 elementor-top-column elementor-element elementor-element-44c2b88\" data-id=\"44c2b88\" data-element_type=\"column\" data-e-type=\"column\">\n\t\t\t<div class=\"elementor-widget-wrap elementor-element-populated\">\n\t\t\t\t\t\t<div class=\"elementor-element elementor-element-525acad elementor-widget elementor-widget-text-editor\" data-id=\"525acad\" data-element_type=\"widget\" data-e-type=\"widget\" data-widget_type=\"text-editor.default\">\n\t\t\t\t<div class=\"elementor-widget-container\">\n\t\t\t\t\t\t\t\t\t<p>Proto&amp;Go! expose, par le pr\u00e9sent document, sa <strong>politique de collecte et de traitement des cookies<\/strong>, conform\u00e9ment aux dispositions de l\u2019article 22.2 de la loi 34\/2002, du 11 juillet, sur les services de la soci\u00e9t\u00e9 de l\u2019information et du commerce \u00e9lectronique.<\/p>\n<p><strong>Les cookies sont enregistr\u00e9s dans l\u2019\u00e9quipement<\/strong> terminal de l\u2019utilisateur (ordinateur ou dispositif mobile) et collectent des informations lors de la visite des pages web de Proto&amp;Go! (<a href=\"http:\/\/www.arsys.es\/\">https:\/\/www.protoandgo.com\/)<\/a> <strong>afin d\u2019am\u00e9liore<\/strong>r la convivialit\u00e9 de <strong>celles-ci,<\/strong> de conna\u00eetre les habitudes ou les besoins de <strong>navigation<\/strong> des utilisateurs afin de s\u2019y adapter, ainsi que d\u2019obtenir des informations \u00e0 des <strong>fins statistiques<\/strong>. Dans le cas des utilisateurs qui sont d\u00e9j\u00e0 <strong>clients de Proto&amp;Go!<\/strong> les informations collect\u00e9es avec les cookies seront \u00e9galement utilis\u00e9es pour les <strong>identifier<\/strong> lors de l\u2019acc\u00e8s aux diff\u00e9rents outils que Proto&amp;Go! met \u00e0 leur disposition pour la gestion des services.<\/p>\n<p>La pr\u00e9sente <strong>Politique de Cookies<\/strong> sera appliqu\u00e9e aux utilisateurs qui <strong>visitent volontairement les pages web de Proto&amp;Go!<\/strong>compilare moduli di raccolta dati, accedere agli strumenti che Proto&amp;Go! mette a disposizione dei propri clienti per la gestione dei servizi, o utilizzare qualsiasi altro servizio presente sul sito che comporti la comunicazione di dati a Proto&amp;Go! o l&rsquo;accesso ai dati da parte di Proto&amp;Go! per la fornitura dei propri servizi.<\/p>\n<p>Proto&amp;Go! informa gli utenti delle sue pagine web dell&rsquo;esistenza dei cookie e mette a loro disposizione la presente Politica per informarli sul loro utilizzo e sulle loro finalit\u00e0. Il fatto di continuare a navigare nelle sue pagine implica la conoscenza e l&rsquo;accettazione di questa Politica da parte di tali utenti.<\/p>\n<p>Proto&amp;Go! utilizza i seguenti tipi di cookie:<\/p>\n<ul>\n<li><strong>Classificati per propriet\u00e0:<\/strong>\n<ul>\n<li><strong>Cookie propri:<\/strong> inviati e gestiti direttamente da Proto&amp;Go!<\/li>\n<li><strong>Cookie di terze parti<\/strong>: inviati e gestiti in forma anonima da una terza parte estranea a Proto&amp;Go! al fine di effettuare studi statistici sulla navigazione nelle pagine web di Proto&amp;Go!<\/li>\n<\/ul>\n<\/li>\n<li><strong>Classificati per scopo:<\/strong>\n<ul>\n<li><strong>Cookie tecnici e\/o di personalizzazione:<\/strong> facilitano la navigazione identificando la sessione, consentendo l&rsquo;accesso a strumenti ad accesso limitato e personalizzando le opzioni disponibili. Essi consentono di fornire il servizio precedentemente richiesto dall&rsquo;utente.<\/li>\n<li><strong>Cookie di analisi e\/o pubblicitari:<\/strong> ci permettono di conoscere il numero di visite ricevute nelle diverse sezioni del sito, le abitudini e le tendenze dei suoi utenti e, di conseguenza, di poter migliorare la navigazione e il servizio offerto da Proto&amp;Go! (principalmente Google Analytics), nonch\u00e9 per gestire gli spazi pubblicitari inclusi nel sito web visitato dall&rsquo;utente. Raccoglie dati in forma anonima per ottenere i profili di navigazione degli utenti.<\/li>\n<\/ul>\n<\/li>\n<li><strong>Classificati per durata:<\/strong>:\n<ul>\n<li><strong>Cookie di sessione:<\/strong> raccolgono e memorizzano i dati mentre l&rsquo;utente accede al sito web.<\/li>\n<li><strong>Cookie persistenti:<\/strong> raccolgono e memorizzano i dati nel terminale dell&rsquo;utente per un periodo di tempo variabile a seconda dello scopo per cui sono stati utilizzati.<\/li>\n<\/ul>\n<\/li>\n<\/ul>\n<p>Il tempo di conservazione dei cookie dipende dal tipo di cookie in questione e sar\u00e0 sempre il minimo necessario per raggiungere il loro scopo.<\/p>\n<p>In ogni caso, gli utenti possono configurare il proprio browser per <strong>disabilitare o bloccare la ricezione di tutti o di alcuni cookie.<\/strong> Il fatto che l&rsquo;utente non desideri ricevere questi cookie non gli impedisce di accedere alle informazioni presenti sui siti web di Proto&amp;Go! anche se l&rsquo;uso di alcuni servizi potrebbe essere limitato. Se, una volta dato il consenso alla ricezione dei cookie, l&rsquo;utente desidera revocare tale consenso, i cookie memorizzati sul computer dell&rsquo;utente devono essere cancellati attraverso le opzioni dei diversi browser.<\/p>\n<p>Le modalit\u00e0 di <strong>configurazione dei diversi browser<\/strong> per eseguire le azioni indicate nei paragrafi precedenti possono essere consultate nel seguente sito web:<\/p>\n<ul>\n<li><strong>Firefox:<\/strong><\/li>\n<\/ul>\n<p><a href=\"http:\/\/support.mozilla.org\/es\/kb\/cookies-informacion-que-los-sitios-web-guardan-en-?redirectlocale=en-US&amp;redirectslug=Cookies\">http:\/\/support.mozilla.org\/es\/kb\/cookies-informacion-que-los-sitios-web-guardan-en-?redirectlocale=en-US&amp;redirectslug=Cookies<\/a><\/p>\n<ul>\n<li><strong>Chrome<\/strong>:<\/li>\n<\/ul>\n<p><a href=\"https:\/\/support.google.com\/chrome\/answer\/95647?hl=es\">https:\/\/support.google.com\/chrome\/answer\/95647?hl=es<\/a><\/p>\n<ul>\n<li><strong>Explorer<\/strong>:<\/li>\n<\/ul>\n<p><a href=\"http:\/\/windows.microsoft.com\/es-es\/windows7\/how-to-manage-cookies-in-internet-explorer-9\">http:\/\/windows.microsoft.com\/es-es\/windows7\/how-to-manage-cookies-in-internet-explorer-9<\/a><\/p>\n<ul>\n<li><strong>Safari<\/strong>:<\/li>\n<\/ul>\n<p><a href=\"http:\/\/translate.google.com\/translate?hl=en&amp;sl=en&amp;tl=es&amp;u=http:\/\/support.apple.com\/kb\/ph5042\">http:\/\/translate.google.com\/translate?hl=en&amp;sl=en&amp;tl=es&amp;u=http%3A%2F%2Fsupport.apple.com%2Fkb%2Fph5042<\/a><\/p>\n<p>Proto&amp;Go! modificher\u00e0 la presente Cookie Policy ogni qualvolta si verifichino cambiamenti nella configurazione e\/o nell&rsquo;utilizzo dei cookie, pubblicando la versione aggiornata sui propri siti web.<\/p>\n\t\t\t\t\t\t\t\t<\/div>\n\t\t\t\t<\/div>\n\t\t\t\t\t<\/div>\n\t\t<\/div>\n\t\t\t\t\t<\/div>\n\t\t<\/section>\n\t\t\t\t<\/div>\n\t\t","protected":false},"excerpt":{"rendered":"<p>Politique de cookies Proto&amp;Go! expose, par le pr\u00e9sent document, sa politique de collecte et de traitement des cookies, conform\u00e9ment aux dispositions de l\u2019article 22.2 de la loi 34\/2002, du 11 juillet, sur les services de la soci\u00e9t\u00e9 de l\u2019information et du commerce \u00e9lectronique. Les cookies sont enregistr\u00e9s dans l\u2019\u00e9quipement terminal de l\u2019utilisateur (ordinateur ou dispositif [&hellip;]<\/p>\n","protected":false},"author":3,"featured_media":0,"parent":0,"menu_order":0,"comment_status":"closed","ping_status":"closed","template":"","meta":{"ocean_post_layout":"full-screen","ocean_both_sidebars_style":"","ocean_both_sidebars_content_width":0,"ocean_both_sidebars_sidebars_width":0,"ocean_sidebar":"0","ocean_second_sidebar":"0","ocean_disable_margins":"enable","ocean_add_body_class":"","ocean_shortcode_before_top_bar":"","ocean_shortcode_after_top_bar":"","ocean_shortcode_before_header":"","ocean_shortcode_after_header":"","ocean_has_shortcode":"","ocean_shortcode_after_title":"","ocean_shortcode_before_footer_widgets":"","ocean_shortcode_after_footer_widgets":"","ocean_shortcode_before_footer_bottom":"","ocean_shortcode_after_footer_bottom":"","ocean_display_top_bar":"default","ocean_display_header":"default","ocean_header_style":"","ocean_center_header_left_menu":"0","ocean_custom_header_template":"0","ocean_custom_logo":0,"ocean_custom_retina_logo":0,"ocean_custom_logo_max_width":0,"ocean_custom_logo_tablet_max_width":0,"ocean_custom_logo_mobile_max_width":0,"ocean_custom_logo_max_height":0,"ocean_custom_logo_tablet_max_height":0,"ocean_custom_logo_mobile_max_height":0,"ocean_header_custom_menu":"0","ocean_menu_typo_font_family":"0","ocean_menu_typo_font_subset":"","ocean_menu_typo_font_size":0,"ocean_menu_typo_font_size_tablet":0,"ocean_menu_typo_font_size_mobile":0,"ocean_menu_typo_font_size_unit":"px","ocean_menu_typo_font_weight":"","ocean_menu_typo_font_weight_tablet":"","ocean_menu_typo_font_weight_mobile":"","ocean_menu_typo_transform":"","ocean_menu_typo_transform_tablet":"","ocean_menu_typo_transform_mobile":"","ocean_menu_typo_line_height":0,"ocean_menu_typo_line_height_tablet":0,"ocean_menu_typo_line_height_mobile":0,"ocean_menu_typo_line_height_unit":"","ocean_menu_typo_spacing":0,"ocean_menu_typo_spacing_tablet":0,"ocean_menu_typo_spacing_mobile":0,"ocean_menu_typo_spacing_unit":"","ocean_menu_link_color":"","ocean_menu_link_color_hover":"","ocean_menu_link_color_active":"","ocean_menu_link_background":"","ocean_menu_link_hover_background":"","ocean_menu_link_active_background":"","ocean_menu_social_links_bg":"","ocean_menu_social_hover_links_bg":"","ocean_menu_social_links_color":"","ocean_menu_social_hover_links_color":"","ocean_disable_title":"default","ocean_disable_heading":"default","ocean_post_title":"","ocean_post_subheading":"","ocean_post_title_style":"","ocean_post_title_background_color":"","ocean_post_title_background":0,"ocean_post_title_bg_image_position":"","ocean_post_title_bg_image_attachment":"","ocean_post_title_bg_image_repeat":"","ocean_post_title_bg_image_size":"","ocean_post_title_height":0,"ocean_post_title_bg_overlay":0.5,"ocean_post_title_bg_overlay_color":"","ocean_disable_breadcrumbs":"default","ocean_breadcrumbs_color":"","ocean_breadcrumbs_separator_color":"","ocean_breadcrumbs_links_color":"","ocean_breadcrumbs_links_hover_color":"","ocean_display_footer_widgets":"default","ocean_display_footer_bottom":"default","ocean_custom_footer_template":"0","footnotes":""},"class_list":["post-5737","page","type-page","status-publish","hentry","entry","owp-thumbs-layout-horizontal","owp-btn-normal","owp-tabs-layout-horizontal","has-no-thumbnails","has-product-nav"],"yoast_head":"<!-- This site is optimized with the Yoast SEO plugin v27.3 - https:\/\/yoast.com\/product\/yoast-seo-wordpress\/ -->\n<title>Politique de cookies | Proto&amp;GO!<\/title>\n<meta name=\"description\" content=\"D\u00e9couvrez la protection des donn\u00e9es de notre plateforme Proto&amp;GO ! Consultez nos experts si vous avez des questions.\" \/>\n<meta name=\"robots\" content=\"index, follow, max-snippet:-1, max-image-preview:large, max-video-preview:-1\" \/>\n<link rel=\"canonical\" href=\"https:\/\/protoandgo.com\/fr\/politique-de-cookies\/\" \/>\n<meta property=\"og:locale\" content=\"fr_FR\" \/>\n<meta property=\"og:type\" content=\"article\" \/>\n<meta property=\"og:title\" content=\"Politique de cookies | Proto&amp;GO!\" \/>\n<meta property=\"og:description\" content=\"D\u00e9couvrez la protection des donn\u00e9es de notre plateforme Proto&amp;GO ! Consultez nos experts si vous avez des questions.\" \/>\n<meta property=\"og:url\" content=\"https:\/\/protoandgo.com\/fr\/politique-de-cookies\/\" \/>\n<meta property=\"og:site_name\" content=\"PROTO&amp;GO!\" \/>\n<meta property=\"article:modified_time\" content=\"2023-07-25T10:12:16+00:00\" \/>\n<meta name=\"twitter:card\" content=\"summary_large_image\" \/>\n<meta name=\"twitter:label1\" content=\"Dur\u00e9e de lecture estim\u00e9e\" \/>\n\t<meta name=\"twitter:data1\" content=\"4 minutes\" \/>\n<script type=\"application\/ld+json\" class=\"yoast-schema-graph\">{\"@context\":\"https:\\\/\\\/schema.org\",\"@graph\":[{\"@type\":\"WebPage\",\"@id\":\"https:\\\/\\\/protoandgo.com\\\/fr\\\/politique-de-cookies\\\/\",\"url\":\"https:\\\/\\\/protoandgo.com\\\/fr\\\/politique-de-cookies\\\/\",\"name\":\"Politique de cookies | Proto&GO!\",\"isPartOf\":{\"@id\":\"https:\\\/\\\/protoandgo.com\\\/fr\\\/#website\"},\"datePublished\":\"2023-05-02T12:01:13+00:00\",\"dateModified\":\"2023-07-25T10:12:16+00:00\",\"description\":\"D\u00e9couvrez la protection des donn\u00e9es de notre plateforme Proto&GO ! Consultez nos experts si vous avez des questions.\",\"breadcrumb\":{\"@id\":\"https:\\\/\\\/protoandgo.com\\\/fr\\\/politique-de-cookies\\\/#breadcrumb\"},\"inLanguage\":\"fr-FR\",\"potentialAction\":[{\"@type\":\"ReadAction\",\"target\":[\"https:\\\/\\\/protoandgo.com\\\/fr\\\/politique-de-cookies\\\/\"]}]},{\"@type\":\"BreadcrumbList\",\"@id\":\"https:\\\/\\\/protoandgo.com\\\/fr\\\/politique-de-cookies\\\/#breadcrumb\",\"itemListElement\":[{\"@type\":\"ListItem\",\"position\":1,\"name\":\"Portada\",\"item\":\"https:\\\/\\\/protoandgo.com\\\/fr\\\/\"},{\"@type\":\"ListItem\",\"position\":2,\"name\":\"Politique de cookies\"}]},{\"@type\":\"WebSite\",\"@id\":\"https:\\\/\\\/protoandgo.com\\\/fr\\\/#website\",\"url\":\"https:\\\/\\\/protoandgo.com\\\/fr\\\/\",\"name\":\"PROTO&GO!\",\"description\":\"\",\"publisher\":{\"@id\":\"https:\\\/\\\/protoandgo.com\\\/fr\\\/#organization\"},\"potentialAction\":[{\"@type\":\"SearchAction\",\"target\":{\"@type\":\"EntryPoint\",\"urlTemplate\":\"https:\\\/\\\/protoandgo.com\\\/fr\\\/?s={search_term_string}\"},\"query-input\":{\"@type\":\"PropertyValueSpecification\",\"valueRequired\":true,\"valueName\":\"search_term_string\"}}],\"inLanguage\":\"fr-FR\"},{\"@type\":\"Organization\",\"@id\":\"https:\\\/\\\/protoandgo.com\\\/fr\\\/#organization\",\"name\":\"PROTO&GO!\",\"url\":\"https:\\\/\\\/protoandgo.com\\\/fr\\\/\",\"logo\":{\"@type\":\"ImageObject\",\"inLanguage\":\"fr-FR\",\"@id\":\"https:\\\/\\\/protoandgo.com\\\/fr\\\/#\\\/schema\\\/logo\\\/image\\\/\",\"url\":\"https:\\\/\\\/protoandgo.com\\\/wp-content\\\/uploads\\\/2023\\\/04\\\/LOGOTIPO1.png\",\"contentUrl\":\"https:\\\/\\\/protoandgo.com\\\/wp-content\\\/uploads\\\/2023\\\/04\\\/LOGOTIPO1.png\",\"width\":336,\"height\":88,\"caption\":\"PROTO&GO!\"},\"image\":{\"@id\":\"https:\\\/\\\/protoandgo.com\\\/fr\\\/#\\\/schema\\\/logo\\\/image\\\/\"},\"sameAs\":[\"https:\\\/\\\/www.instagram.com\\\/protoandgo\\\/\",\"https:\\\/\\\/www.linkedin.com\\\/company\\\/proto-go\\\/\"]}]}<\/script>\n<!-- \/ Yoast SEO plugin. -->","yoast_head_json":{"title":"Politique de cookies | Proto&GO!","description":"D\u00e9couvrez la protection des donn\u00e9es de notre plateforme Proto&GO ! Consultez nos experts si vous avez des questions.","robots":{"index":"index","follow":"follow","max-snippet":"max-snippet:-1","max-image-preview":"max-image-preview:large","max-video-preview":"max-video-preview:-1"},"canonical":"https:\/\/protoandgo.com\/fr\/politique-de-cookies\/","og_locale":"fr_FR","og_type":"article","og_title":"Politique de cookies | Proto&GO!","og_description":"D\u00e9couvrez la protection des donn\u00e9es de notre plateforme Proto&GO ! Consultez nos experts si vous avez des questions.","og_url":"https:\/\/protoandgo.com\/fr\/politique-de-cookies\/","og_site_name":"PROTO&amp;GO!","article_modified_time":"2023-07-25T10:12:16+00:00","twitter_card":"summary_large_image","twitter_misc":{"Dur\u00e9e de lecture estim\u00e9e":"4 minutes"},"schema":{"@context":"https:\/\/schema.org","@graph":[{"@type":"WebPage","@id":"https:\/\/protoandgo.com\/fr\/politique-de-cookies\/","url":"https:\/\/protoandgo.com\/fr\/politique-de-cookies\/","name":"Politique de cookies | Proto&GO!","isPartOf":{"@id":"https:\/\/protoandgo.com\/fr\/#website"},"datePublished":"2023-05-02T12:01:13+00:00","dateModified":"2023-07-25T10:12:16+00:00","description":"D\u00e9couvrez la protection des donn\u00e9es de notre plateforme Proto&GO ! Consultez nos experts si vous avez des questions.","breadcrumb":{"@id":"https:\/\/protoandgo.com\/fr\/politique-de-cookies\/#breadcrumb"},"inLanguage":"fr-FR","potentialAction":[{"@type":"ReadAction","target":["https:\/\/protoandgo.com\/fr\/politique-de-cookies\/"]}]},{"@type":"BreadcrumbList","@id":"https:\/\/protoandgo.com\/fr\/politique-de-cookies\/#breadcrumb","itemListElement":[{"@type":"ListItem","position":1,"name":"Portada","item":"https:\/\/protoandgo.com\/fr\/"},{"@type":"ListItem","position":2,"name":"Politique de cookies"}]},{"@type":"WebSite","@id":"https:\/\/protoandgo.com\/fr\/#website","url":"https:\/\/protoandgo.com\/fr\/","name":"PROTO&GO!","description":"","publisher":{"@id":"https:\/\/protoandgo.com\/fr\/#organization"},"potentialAction":[{"@type":"SearchAction","target":{"@type":"EntryPoint","urlTemplate":"https:\/\/protoandgo.com\/fr\/?s={search_term_string}"},"query-input":{"@type":"PropertyValueSpecification","valueRequired":true,"valueName":"search_term_string"}}],"inLanguage":"fr-FR"},{"@type":"Organization","@id":"https:\/\/protoandgo.com\/fr\/#organization","name":"PROTO&GO!","url":"https:\/\/protoandgo.com\/fr\/","logo":{"@type":"ImageObject","inLanguage":"fr-FR","@id":"https:\/\/protoandgo.com\/fr\/#\/schema\/logo\/image\/","url":"https:\/\/protoandgo.com\/wp-content\/uploads\/2023\/04\/LOGOTIPO1.png","contentUrl":"https:\/\/protoandgo.com\/wp-content\/uploads\/2023\/04\/LOGOTIPO1.png","width":336,"height":88,"caption":"PROTO&GO!"},"image":{"@id":"https:\/\/protoandgo.com\/fr\/#\/schema\/logo\/image\/"},"sameAs":["https:\/\/www.instagram.com\/protoandgo\/","https:\/\/www.linkedin.com\/company\/proto-go\/"]}]}},"_links":{"self":[{"href":"https:\/\/protoandgo.com\/fr\/wp-json\/wp\/v2\/pages\/5737","targetHints":{"allow":["GET"]}}],"collection":[{"href":"https:\/\/protoandgo.com\/fr\/wp-json\/wp\/v2\/pages"}],"about":[{"href":"https:\/\/protoandgo.com\/fr\/wp-json\/wp\/v2\/types\/page"}],"author":[{"embeddable":true,"href":"https:\/\/protoandgo.com\/fr\/wp-json\/wp\/v2\/users\/3"}],"replies":[{"embeddable":true,"href":"https:\/\/protoandgo.com\/fr\/wp-json\/wp\/v2\/comments?post=5737"}],"version-history":[{"count":0,"href":"https:\/\/protoandgo.com\/fr\/wp-json\/wp\/v2\/pages\/5737\/revisions"}],"wp:attachment":[{"href":"https:\/\/protoandgo.com\/fr\/wp-json\/wp\/v2\/media?parent=5737"}],"curies":[{"name":"wp","href":"https:\/\/api.w.org\/{rel}","templated":true}]}}