{"id":5702,"date":"2023-05-09T13:46:15","date_gmt":"2023-05-09T13:46:15","guid":{"rendered":"https:\/\/protoandgo.com\/stampare\/"},"modified":"2023-07-20T15:43:07","modified_gmt":"2023-07-20T15:43:07","slug":"stampare","status":"publish","type":"page","link":"https:\/\/protoandgo.com\/it\/stampare\/","title":{"rendered":"Stampare"},"content":{"rendered":"\t\t<div data-elementor-type=\"wp-page\" data-elementor-id=\"5702\" class=\"elementor elementor-5702 elementor-2132\" data-elementor-post-type=\"page\">\n\t\t\t\t\t\t<section class=\"elementor-section elementor-top-section elementor-element elementor-element-d1d476a elementor-section-boxed elementor-section-height-default elementor-section-height-default\" data-id=\"d1d476a\" data-element_type=\"section\" data-e-type=\"section\" data-settings=\"{&quot;background_background&quot;:&quot;classic&quot;}\">\n\t\t\t\t\t\t<div class=\"elementor-container elementor-column-gap-default\">\n\t\t\t\t\t<div class=\"elementor-column elementor-col-100 elementor-top-column elementor-element elementor-element-f6d29bf\" data-id=\"f6d29bf\" data-element_type=\"column\" data-e-type=\"column\">\n\t\t\t<div class=\"elementor-widget-wrap elementor-element-populated\">\n\t\t\t\t\t\t<div class=\"elementor-element elementor-element-82b6f54 elementor-widget elementor-widget-heading\" data-id=\"82b6f54\" data-element_type=\"widget\" data-e-type=\"widget\" data-widget_type=\"heading.default\">\n\t\t\t\t<div class=\"elementor-widget-container\">\n\t\t\t\t\t<h2 class=\"elementor-heading-title elementor-size-default\">Stampare<\/h2>\t\t\t\t<\/div>\n\t\t\t\t<\/div>\n\t\t\t\t\t<\/div>\n\t\t<\/div>\n\t\t\t\t\t<\/div>\n\t\t<\/section>\n\t\t\t\t<section class=\"elementor-section elementor-top-section elementor-element elementor-element-578110b elementor-section-boxed elementor-section-height-default elementor-section-height-default\" data-id=\"578110b\" data-element_type=\"section\" data-e-type=\"section\">\n\t\t\t\t\t\t<div class=\"elementor-container elementor-column-gap-default\">\n\t\t\t\t\t<div class=\"elementor-column elementor-col-100 elementor-top-column elementor-element elementor-element-1bf03fe\" data-id=\"1bf03fe\" data-element_type=\"column\" data-e-type=\"column\">\n\t\t\t<div class=\"elementor-widget-wrap elementor-element-populated\">\n\t\t\t\t\t\t<div class=\"elementor-element elementor-element-95c70a5 elementor-widget elementor-widget-text-editor\" data-id=\"95c70a5\" data-element_type=\"widget\" data-e-type=\"widget\" data-widget_type=\"text-editor.default\">\n\t\t\t\t<div class=\"elementor-widget-container\">\n\t\t\t\t\t\t\t\t\t<p><strong>Elementi selezionati<\/strong><\/p>\n<p>Proto&amp;Go! considera convalidati i fle CAD consegnati dal cliente e pertanto non si assume alcuna responsabilit\u00e0 se questi contengono errori.<\/p>\n<p>I clienti sono responsabili di garantire che le propriet\u00e0 e le prestazioni del materiale e della fnitura selezionati soddisfno i requisiti per la loro specifca applicazione.<\/p>\n<p><strong>Budget<\/strong>. Un budget \u00e8 valido solo per il modello CAD su cui \u00e8 stato basato. Qualsiasi modifca apportata al modello richiede un budget aggiornato.<\/p>\n<p>I budget sono validi per 30 giorni, dopo tale data i prezzi possono variare.<\/p>\n<p><strong>Tolleranze dei prototipi<\/strong><\/p>\n<p>La tolleranza generale per i pezzi prodotti \u00e8 la seguente:<\/p>\n<table width=\"709\">\n<tbody>\n<tr>\n<td width=\"198\">Stereolitografa<\/td>\n<td width=\"106\">(SLA)<\/td>\n<td colspan=\"4\" width=\"404\">\u00b1 0.20 mm per ogni 100 mm<\/td>\n<\/tr>\n<tr>\n<td width=\"198\">Sinterizzazione<\/td>\n<td width=\"106\">(SLS)<\/td>\n<td colspan=\"4\" width=\"404\">\u00b1 0.30 mm per ogni 100 mm<\/td>\n<\/tr>\n<tr>\n<td width=\"198\">Modellazione a Deposizione Fusa<\/td>\n<td width=\"106\">(FDM)<\/td>\n<td colspan=\"4\" width=\"404\">\u00b1 0.10 \u2013 0.30 mm per ogni 100 mm<\/td>\n<\/tr>\n<tr>\n<td width=\"198\">Polyjet<\/td>\n<td width=\"106\">(OBJ)<\/td>\n<td colspan=\"4\" width=\"404\">\u00b1 0.20 mm per ogni 100 mm<\/td>\n<\/tr>\n<tr>\n<td width=\"198\">Stampo in silicone <\/td>\n<td width=\"106\">(PUR)<\/td>\n<td colspan=\"4\" width=\"404\">\u00b1 0.20 \u2013 0.30 mm per ogni 100 mm<\/td>\n<\/tr>\n<tr>\n<td width=\"198\">Tolleranze di lavorazione CNC<\/p>\n<p>(misure in millimetri)<\/p>\n<\/td>\n<td width=\"106\"> <\/td>\n<td width=\"95\">pi\u00f9 di 0,5 fino a 6<\/td>\n<td width=\"95\">pi\u00fa di 6 fino<\/p>\n<p>a 30<\/p>\n<\/td>\n<td width=\"95\">pi\u00fa di 30 fino<\/p>\n<p>a 120<\/p>\n<\/td>\n<td width=\"121\">pi\u00fa di 120 fino<\/p>\n<p>a 400<\/p>\n<\/td>\n<\/tr>\n<tr>\n<td width=\"198\">CNC Metallo<\/td>\n<td width=\"106\">(CNC-M)<\/td>\n<td width=\"95\">\u00b1 0.05 mm<\/td>\n<td width=\"95\">\u00b1 0.10 mm<\/td>\n<td width=\"95\">\u00b1 0.15 mm<\/td>\n<td width=\"121\">\u00b1 0.20 mm<\/td>\n<\/tr>\n<tr>\n<td width=\"198\">CNC Plastica<\/td>\n<td width=\"106\">(CNC-P)<\/td>\n<td width=\"95\">\u00b1 0.10 mm<\/td>\n<td width=\"95\">\u00b1 0.20 mm<\/td>\n<td width=\"95\">\u00b1 0.30 mm<\/td>\n<td width=\"121\">\u00b1 0.50 mm<\/td>\n<\/tr>\n<\/tbody>\n<\/table>\n<p>\u00c8 responsabilit\u00e0 del cliente garantire, con i propri mezzi, che le tolleranze ottenute dai diversi processi siano minime e suffcienti per il corretto funzionamento della loro specifca applicazione.<\/p>\n<p>In caso di allegare piani con altre tolleranze, proveranno a rispettare il pi\u00f9 possibile senza un fermo impegno da parte nostra per ottenerli.<\/p>\n<p><strong>Conformit\u00e0 dei prototipi<\/strong><\/p>\n<p>Se il cliente desidera restituire i pezzi ricevuti per non conformit\u00e0, dovr\u00e0 comunicarlo nei DUE giorni lavorativi successivi alla ricezione degli stessi. Il cliente devr\u00e0 inoltre allegare un modulo di non conformit\u00e0 che specifca i motivi del reso.<\/p>\n<p><strong>Imballaggio e spedizione<\/strong><\/p>\n<p>Se non diversamente richiesto, la merce sar\u00e0 inviata il giorno lavorativo successivo con trasporto porto franco, e accompagnata dalla bolla di consegna.<\/p>\n<p>Se non richiesto in precedenza, la merce sar\u00e0 imballata in una scatola di cartone.<\/p>\n<p><strong>Tempi di consegna<\/strong><\/p>\n<p>I preventivi emessi includono una data di consegna stimata, calcolata sulla base dei dati inseriti. Il tempo di consegna \u00e8 un&#8217;indicazione preliminare della data di consegna e non compromette Proto&amp;Go! per nessun motivo.<\/p>\n<p><strong>Garanzie<\/strong> Proto&amp;Go! non si assume alcuna responsabilit\u00e0 per il progetto degli articoli che sono oggetto di questa transazione. Nella misura in cui il personale del Venditore suggerisce delle modifche al progetto o fornisce analisi, simulazione o consigli sul progetto, lo fa \u201cper soddisfare le esigenze del processo di lavorazione del Venditore. Il compratore si assume la completa responsabilit\u00e0 legale per le specifche del progetto e le prestazioni della merce oggetto di questa transazione.<\/p>\n<p>Para ampliar informaci\u00f3n visitar el apartado de Condiciones Generales de <a href=\"http:\/\/www.protoandgo.com\/\">www.protoandgo.com\/it\/<\/a><\/p>\n\t\t\t\t\t\t\t\t<\/div>\n\t\t\t\t<\/div>\n\t\t\t\t\t<\/div>\n\t\t<\/div>\n\t\t\t\t\t<\/div>\n\t\t<\/section>\n\t\t\t\t<\/div>\n\t\t","protected":false},"excerpt":{"rendered":"<p>Stampare Elementi selezionati Proto&amp;Go! considera convalidati i fle CAD consegnati dal cliente e pertanto non si assume alcuna responsabilit\u00e0 se questi contengono errori. I clienti sono responsabili di garantire che le propriet\u00e0 e le prestazioni del materiale e della fnitura selezionati soddisfno i requisiti per la loro specifca applicazione. Budget. Un budget \u00e8 valido solo [&hellip;]<\/p>\n","protected":false},"author":3,"featured_media":0,"parent":0,"menu_order":0,"comment_status":"closed","ping_status":"closed","template":"","meta":{"ocean_post_layout":"full-screen","ocean_both_sidebars_style":"","ocean_both_sidebars_content_width":0,"ocean_both_sidebars_sidebars_width":0,"ocean_sidebar":"0","ocean_second_sidebar":"0","ocean_disable_margins":"enable","ocean_add_body_class":"","ocean_shortcode_before_top_bar":"","ocean_shortcode_after_top_bar":"","ocean_shortcode_before_header":"","ocean_shortcode_after_header":"","ocean_has_shortcode":"","ocean_shortcode_after_title":"","ocean_shortcode_before_footer_widgets":"","ocean_shortcode_after_footer_widgets":"","ocean_shortcode_before_footer_bottom":"","ocean_shortcode_after_footer_bottom":"","ocean_display_top_bar":"default","ocean_display_header":"default","ocean_header_style":"","ocean_center_header_left_menu":"0","ocean_custom_header_template":"0","ocean_custom_logo":0,"ocean_custom_retina_logo":0,"ocean_custom_logo_max_width":0,"ocean_custom_logo_tablet_max_width":0,"ocean_custom_logo_mobile_max_width":0,"ocean_custom_logo_max_height":0,"ocean_custom_logo_tablet_max_height":0,"ocean_custom_logo_mobile_max_height":0,"ocean_header_custom_menu":"0","ocean_menu_typo_font_family":"0","ocean_menu_typo_font_subset":"","ocean_menu_typo_font_size":0,"ocean_menu_typo_font_size_tablet":0,"ocean_menu_typo_font_size_mobile":0,"ocean_menu_typo_font_size_unit":"px","ocean_menu_typo_font_weight":"","ocean_menu_typo_font_weight_tablet":"","ocean_menu_typo_font_weight_mobile":"","ocean_menu_typo_transform":"","ocean_menu_typo_transform_tablet":"","ocean_menu_typo_transform_mobile":"","ocean_menu_typo_line_height":0,"ocean_menu_typo_line_height_tablet":0,"ocean_menu_typo_line_height_mobile":0,"ocean_menu_typo_line_height_unit":"","ocean_menu_typo_spacing":0,"ocean_menu_typo_spacing_tablet":0,"ocean_menu_typo_spacing_mobile":0,"ocean_menu_typo_spacing_unit":"","ocean_menu_link_color":"","ocean_menu_link_color_hover":"","ocean_menu_link_color_active":"","ocean_menu_link_background":"","ocean_menu_link_hover_background":"","ocean_menu_link_active_background":"","ocean_menu_social_links_bg":"","ocean_menu_social_hover_links_bg":"","ocean_menu_social_links_color":"","ocean_menu_social_hover_links_color":"","ocean_disable_title":"default","ocean_disable_heading":"default","ocean_post_title":"","ocean_post_subheading":"","ocean_post_title_style":"","ocean_post_title_background_color":"","ocean_post_title_background":0,"ocean_post_title_bg_image_position":"","ocean_post_title_bg_image_attachment":"","ocean_post_title_bg_image_repeat":"","ocean_post_title_bg_image_size":"","ocean_post_title_height":0,"ocean_post_title_bg_overlay":0.5,"ocean_post_title_bg_overlay_color":"","ocean_disable_breadcrumbs":"default","ocean_breadcrumbs_color":"","ocean_breadcrumbs_separator_color":"","ocean_breadcrumbs_links_color":"","ocean_breadcrumbs_links_hover_color":"","ocean_display_footer_widgets":"default","ocean_display_footer_bottom":"default","ocean_custom_footer_template":"0","footnotes":""},"class_list":["post-5702","page","type-page","status-publish","hentry","entry","owp-thumbs-layout-horizontal","owp-btn-normal","owp-tabs-layout-horizontal","has-no-thumbnails","has-product-nav"],"yoast_head":"<!-- This site is optimized with the Yoast SEO plugin v27.3 - https:\/\/yoast.com\/product\/yoast-seo-wordpress\/ -->\n<title>Stampare - PROTO&amp;GO!<\/title>\n<meta name=\"robots\" content=\"index, follow, max-snippet:-1, max-image-preview:large, max-video-preview:-1\" \/>\n<link rel=\"canonical\" href=\"https:\/\/protoandgo.com\/it\/stampare\/\" \/>\n<meta property=\"og:locale\" content=\"it_IT\" \/>\n<meta property=\"og:type\" content=\"article\" \/>\n<meta property=\"og:title\" content=\"Stampare - PROTO&amp;GO!\" \/>\n<meta property=\"og:description\" content=\"Stampare Elementi selezionati Proto&amp;Go! considera convalidati i fle CAD consegnati dal cliente e pertanto non si assume alcuna responsabilit\u00e0 se questi contengono errori. I clienti sono responsabili di garantire che le propriet\u00e0 e le prestazioni del materiale e della fnitura selezionati soddisfno i requisiti per la loro specifca applicazione. Budget. Un budget \u00e8 valido solo [&hellip;]\" \/>\n<meta property=\"og:url\" content=\"https:\/\/protoandgo.com\/it\/stampare\/\" \/>\n<meta property=\"og:site_name\" content=\"PROTO&amp;GO!\" \/>\n<meta property=\"article:modified_time\" content=\"2023-07-20T15:43:07+00:00\" \/>\n<meta name=\"twitter:card\" content=\"summary_large_image\" \/>\n<meta name=\"twitter:label1\" content=\"Tempo di lettura stimato\" \/>\n\t<meta name=\"twitter:data1\" content=\"2 minuti\" \/>\n<script type=\"application\/ld+json\" class=\"yoast-schema-graph\">{\"@context\":\"https:\\\/\\\/schema.org\",\"@graph\":[{\"@type\":\"WebPage\",\"@id\":\"https:\\\/\\\/protoandgo.com\\\/it\\\/stampare\\\/\",\"url\":\"https:\\\/\\\/protoandgo.com\\\/it\\\/stampare\\\/\",\"name\":\"Stampare - PROTO&amp;GO!\",\"isPartOf\":{\"@id\":\"https:\\\/\\\/protoandgo.com\\\/it\\\/#website\"},\"datePublished\":\"2023-05-09T13:46:15+00:00\",\"dateModified\":\"2023-07-20T15:43:07+00:00\",\"breadcrumb\":{\"@id\":\"https:\\\/\\\/protoandgo.com\\\/it\\\/stampare\\\/#breadcrumb\"},\"inLanguage\":\"it-IT\",\"potentialAction\":[{\"@type\":\"ReadAction\",\"target\":[\"https:\\\/\\\/protoandgo.com\\\/it\\\/stampare\\\/\"]}]},{\"@type\":\"BreadcrumbList\",\"@id\":\"https:\\\/\\\/protoandgo.com\\\/it\\\/stampare\\\/#breadcrumb\",\"itemListElement\":[{\"@type\":\"ListItem\",\"position\":1,\"name\":\"Portada\",\"item\":\"https:\\\/\\\/protoandgo.com\\\/it\\\/\"},{\"@type\":\"ListItem\",\"position\":2,\"name\":\"Stampare\"}]},{\"@type\":\"WebSite\",\"@id\":\"https:\\\/\\\/protoandgo.com\\\/it\\\/#website\",\"url\":\"https:\\\/\\\/protoandgo.com\\\/it\\\/\",\"name\":\"PROTO&GO!\",\"description\":\"\",\"publisher\":{\"@id\":\"https:\\\/\\\/protoandgo.com\\\/it\\\/#organization\"},\"potentialAction\":[{\"@type\":\"SearchAction\",\"target\":{\"@type\":\"EntryPoint\",\"urlTemplate\":\"https:\\\/\\\/protoandgo.com\\\/it\\\/?s={search_term_string}\"},\"query-input\":{\"@type\":\"PropertyValueSpecification\",\"valueRequired\":true,\"valueName\":\"search_term_string\"}}],\"inLanguage\":\"it-IT\"},{\"@type\":\"Organization\",\"@id\":\"https:\\\/\\\/protoandgo.com\\\/it\\\/#organization\",\"name\":\"PROTO&GO!\",\"url\":\"https:\\\/\\\/protoandgo.com\\\/it\\\/\",\"logo\":{\"@type\":\"ImageObject\",\"inLanguage\":\"it-IT\",\"@id\":\"https:\\\/\\\/protoandgo.com\\\/it\\\/#\\\/schema\\\/logo\\\/image\\\/\",\"url\":\"https:\\\/\\\/protoandgo.com\\\/wp-content\\\/uploads\\\/2023\\\/04\\\/LOGOTIPO1.png\",\"contentUrl\":\"https:\\\/\\\/protoandgo.com\\\/wp-content\\\/uploads\\\/2023\\\/04\\\/LOGOTIPO1.png\",\"width\":336,\"height\":88,\"caption\":\"PROTO&GO!\"},\"image\":{\"@id\":\"https:\\\/\\\/protoandgo.com\\\/it\\\/#\\\/schema\\\/logo\\\/image\\\/\"},\"sameAs\":[\"https:\\\/\\\/www.instagram.com\\\/protoandgo\\\/\",\"https:\\\/\\\/www.linkedin.com\\\/company\\\/proto-go\\\/\"]}]}<\/script>\n<!-- \/ Yoast SEO plugin. -->","yoast_head_json":{"title":"Stampare - PROTO&amp;GO!","robots":{"index":"index","follow":"follow","max-snippet":"max-snippet:-1","max-image-preview":"max-image-preview:large","max-video-preview":"max-video-preview:-1"},"canonical":"https:\/\/protoandgo.com\/it\/stampare\/","og_locale":"it_IT","og_type":"article","og_title":"Stampare - PROTO&amp;GO!","og_description":"Stampare Elementi selezionati Proto&amp;Go! considera convalidati i fle CAD consegnati dal cliente e pertanto non si assume alcuna responsabilit\u00e0 se questi contengono errori. I clienti sono responsabili di garantire che le propriet\u00e0 e le prestazioni del materiale e della fnitura selezionati soddisfno i requisiti per la loro specifca applicazione. Budget. Un budget \u00e8 valido solo [&hellip;]","og_url":"https:\/\/protoandgo.com\/it\/stampare\/","og_site_name":"PROTO&amp;GO!","article_modified_time":"2023-07-20T15:43:07+00:00","twitter_card":"summary_large_image","twitter_misc":{"Tempo di lettura stimato":"2 minuti"},"schema":{"@context":"https:\/\/schema.org","@graph":[{"@type":"WebPage","@id":"https:\/\/protoandgo.com\/it\/stampare\/","url":"https:\/\/protoandgo.com\/it\/stampare\/","name":"Stampare - PROTO&amp;GO!","isPartOf":{"@id":"https:\/\/protoandgo.com\/it\/#website"},"datePublished":"2023-05-09T13:46:15+00:00","dateModified":"2023-07-20T15:43:07+00:00","breadcrumb":{"@id":"https:\/\/protoandgo.com\/it\/stampare\/#breadcrumb"},"inLanguage":"it-IT","potentialAction":[{"@type":"ReadAction","target":["https:\/\/protoandgo.com\/it\/stampare\/"]}]},{"@type":"BreadcrumbList","@id":"https:\/\/protoandgo.com\/it\/stampare\/#breadcrumb","itemListElement":[{"@type":"ListItem","position":1,"name":"Portada","item":"https:\/\/protoandgo.com\/it\/"},{"@type":"ListItem","position":2,"name":"Stampare"}]},{"@type":"WebSite","@id":"https:\/\/protoandgo.com\/it\/#website","url":"https:\/\/protoandgo.com\/it\/","name":"PROTO&GO!","description":"","publisher":{"@id":"https:\/\/protoandgo.com\/it\/#organization"},"potentialAction":[{"@type":"SearchAction","target":{"@type":"EntryPoint","urlTemplate":"https:\/\/protoandgo.com\/it\/?s={search_term_string}"},"query-input":{"@type":"PropertyValueSpecification","valueRequired":true,"valueName":"search_term_string"}}],"inLanguage":"it-IT"},{"@type":"Organization","@id":"https:\/\/protoandgo.com\/it\/#organization","name":"PROTO&GO!","url":"https:\/\/protoandgo.com\/it\/","logo":{"@type":"ImageObject","inLanguage":"it-IT","@id":"https:\/\/protoandgo.com\/it\/#\/schema\/logo\/image\/","url":"https:\/\/protoandgo.com\/wp-content\/uploads\/2023\/04\/LOGOTIPO1.png","contentUrl":"https:\/\/protoandgo.com\/wp-content\/uploads\/2023\/04\/LOGOTIPO1.png","width":336,"height":88,"caption":"PROTO&GO!"},"image":{"@id":"https:\/\/protoandgo.com\/it\/#\/schema\/logo\/image\/"},"sameAs":["https:\/\/www.instagram.com\/protoandgo\/","https:\/\/www.linkedin.com\/company\/proto-go\/"]}]}},"_links":{"self":[{"href":"https:\/\/protoandgo.com\/it\/wp-json\/wp\/v2\/pages\/5702","targetHints":{"allow":["GET"]}}],"collection":[{"href":"https:\/\/protoandgo.com\/it\/wp-json\/wp\/v2\/pages"}],"about":[{"href":"https:\/\/protoandgo.com\/it\/wp-json\/wp\/v2\/types\/page"}],"author":[{"embeddable":true,"href":"https:\/\/protoandgo.com\/it\/wp-json\/wp\/v2\/users\/3"}],"replies":[{"embeddable":true,"href":"https:\/\/protoandgo.com\/it\/wp-json\/wp\/v2\/comments?post=5702"}],"version-history":[{"count":0,"href":"https:\/\/protoandgo.com\/it\/wp-json\/wp\/v2\/pages\/5702\/revisions"}],"wp:attachment":[{"href":"https:\/\/protoandgo.com\/it\/wp-json\/wp\/v2\/media?parent=5702"}],"curies":[{"name":"wp","href":"https:\/\/api.w.org\/{rel}","templated":true}]}}